{"id":105300,"date":"2021-05-20T17:03:07","date_gmt":"2021-05-20T15:03:07","guid":{"rendered":"https:\/\/www.lamolisana.it\/chi-siamo\/"},"modified":"2026-02-20T11:38:30","modified_gmt":"2026-02-20T10:38:30","slug":"qui-sommes-nous","status":"publish","type":"page","link":"https:\/\/www.lamolisana.it\/fr\/qui-sommes-nous\/","title":{"rendered":"Qui sommes-nous"},"content":{"rendered":"\t\t<div data-elementor-type=\"wp-page\" data-elementor-id=\"105300\" class=\"elementor elementor-105300 elementor-5039\" data-elementor-post-type=\"page\">\n\t\t\t\t<div class=\"elementor-element elementor-element-fc10ae7 e-flex e-con-boxed e-con e-parent\" data-id=\"fc10ae7\" data-element_type=\"container\" data-e-type=\"container\">\n\t\t\t\t\t<div class=\"e-con-inner\">\n\t\t<div class=\"elementor-element elementor-element-1562ae7 e-con-full e-flex e-con e-child\" data-id=\"1562ae7\" data-element_type=\"container\" data-e-type=\"container\">\n\t\t\t\t<div class=\"elementor-element elementor-element-ef133a0 elementor-icon-list--layout-inline elementor-list-item-link-full_width elementor-widget elementor-widget-icon-list\" data-id=\"ef133a0\" data-element_type=\"widget\" data-e-type=\"widget\" data-widget_type=\"icon-list.default\">\n\t\t\t\t<div class=\"elementor-widget-container\">\n\t\t\t\t\t\t\t<ul class=\"elementor-icon-list-items elementor-inline-items\">\n\t\t\t\t\t\t\t<li class=\"elementor-icon-list-item elementor-inline-item\">\n\t\t\t\t\t\t\t\t\t\t\t<a href=\"https:\/\/www.lamolisana.it\/fr\/\">\n\n\t\t\t\t\t\t\t\t\t\t\t\t<span class=\"elementor-icon-list-icon\">\n\t\t\t\t\t\t\t<i aria-hidden=\"true\" class=\"fas fa-chevron-right\"><\/i>\t\t\t\t\t\t<\/span>\n\t\t\t\t\t\t\t\t\t\t<span class=\"elementor-icon-list-text\">Accueil<\/span>\n\t\t\t\t\t\t\t\t\t\t\t<\/a>\n\t\t\t\t\t\t\t\t\t<\/li>\n\t\t\t\t\t\t<\/ul>\n\t\t\t\t\t\t<\/div>\n\t\t\t\t<\/div>\n\t\t\t\t<div class=\"elementor-element elementor-element-c4307a7 elementor-widget elementor-widget-heading\" data-id=\"c4307a7\" data-element_type=\"widget\" data-e-type=\"widget\" data-widget_type=\"heading.default\">\n\t\t\t\t<div class=\"elementor-widget-container\">\n\t\t\t\t\t<h1 class=\"elementor-heading-title elementor-size-default\">Qui sommes-nous ?<\/h1>\t\t\t\t<\/div>\n\t\t\t\t<\/div>\n\t\t\t\t<div class=\"elementor-element elementor-element-eec9bb3 elementor-widget elementor-widget-heading\" data-id=\"eec9bb3\" data-element_type=\"widget\" data-e-type=\"widget\" data-widget_type=\"heading.default\">\n\t\t\t\t<div class=\"elementor-widget-container\">\n\t\t\t\t\t<h2 class=\"elementor-heading-title elementor-size-default\">Nos racines, notre force.<\/h2>\t\t\t\t<\/div>\n\t\t\t\t<\/div>\n\t\t\t\t<div class=\"elementor-element elementor-element-7668bba elementor-widget elementor-widget-text-editor\" data-id=\"7668bba\" data-element_type=\"widget\" data-e-type=\"widget\" data-widget_type=\"text-editor.default\">\n\t\t\t\t<div class=\"elementor-widget-container\">\n\t\t\t\t\t\t\t\t\t<p>Derri\u00e8re chaque forme de p\u00e2tes se cache un univers de valeurs authentiques, de traditions locales et d&rsquo;un d\u00e9vouement quotidien. Un voyage \u00e0 la d\u00e9couverte de l&rsquo;\u00e2me de La Molisana, o\u00f9 qualit\u00e9 et innovation se rencontrent dans la plus pure tradition italienne. Une histoire enracin\u00e9e dans les traditions du Molise, o\u00f9 la passion et le savoir-faire artisanal se transmettent de g\u00e9n\u00e9ration en g\u00e9n\u00e9ration. D\u00e9couvrez le parcours qui a fait de La Molisana un symbole d&rsquo;excellence dans le monde des p\u00e2tes italiennes.<\/p>\t\t\t\t\t\t\t\t<\/div>\n\t\t\t\t<\/div>\n\t\t\t\t<\/div>\n\t\t\t\t\t<\/div>\n\t\t\t\t<\/div>\n\t\t<div class=\"elementor-element elementor-element-cb5df09 e-flex e-con-boxed e-con e-parent\" data-id=\"cb5df09\" data-element_type=\"container\" data-e-type=\"container\">\n\t\t\t\t\t<div class=\"e-con-inner\">\n\t\t<div class=\"elementor-element elementor-element-2ad43a1 e-con-full e-flex e-con e-child\" data-id=\"2ad43a1\" data-element_type=\"container\" data-e-type=\"container\">\n\t\t\t\t<div class=\"elementor-element elementor-element-721aee6 elementor-widget elementor-widget-image\" data-id=\"721aee6\" data-element_type=\"widget\" data-e-type=\"widget\" data-widget_type=\"image.default\">\n\t\t\t\t<div class=\"elementor-widget-container\">\n\t\t\t\t\t\t\t\t\t\t\t\t\t\t\t\t<a href=\"https:\/\/www.lamolisana.it\/fr\/qui-sommes-nous\/un-esprit-tenace-une-histoire-de-famille\/\">\n\t\t\t\t\t\t\t<img fetchpriority=\"high\" decoding=\"async\" width=\"800\" height=\"800\" src=\"https:\/\/www.lamolisana.it\/wp-content\/uploads\/2024\/03\/spirito-tenace.webp\" class=\"attachment-full size-full wp-image-84741\" alt=\"\" srcset=\"https:\/\/www.lamolisana.it\/wp-content\/uploads\/2024\/03\/spirito-tenace.webp 800w, https:\/\/www.lamolisana.it\/wp-content\/uploads\/2024\/03\/spirito-tenace-300x300.webp 300w, https:\/\/www.lamolisana.it\/wp-content\/uploads\/2024\/03\/spirito-tenace-768x768.webp 768w, https:\/\/www.lamolisana.it\/wp-content\/uploads\/2024\/03\/spirito-tenace-500x500.webp 500w\" sizes=\"(max-width: 800px) 100vw, 800px\" \/>\t\t\t\t\t\t\t\t<\/a>\n\t\t\t\t\t\t\t\t\t\t\t\t\t\t\t<\/div>\n\t\t\t\t<\/div>\n\t\t<div class=\"elementor-element elementor-element-c07e195 e-con-full e-flex e-con e-child\" data-id=\"c07e195\" data-element_type=\"container\" data-e-type=\"container\" data-settings=\"{&quot;position&quot;:&quot;absolute&quot;}\">\n\t\t\t\t<div class=\"elementor-element elementor-element-3a0a183 elementor-widget__width-initial elementor-widget elementor-widget-heading\" data-id=\"3a0a183\" data-element_type=\"widget\" data-e-type=\"widget\" data-widget_type=\"heading.default\">\n\t\t\t\t<div class=\"elementor-widget-container\">\n\t\t\t\t\t<h2 class=\"elementor-heading-title elementor-size-default\"><a href=\"https:\/\/www.lamolisana.it\/fr\/qui-sommes-nous\/un-esprit-tenace-une-histoire-de-famille\/\">Esprit tenace<\/a><\/h2>\t\t\t\t<\/div>\n\t\t\t\t<\/div>\n\t\t\t\t<\/div>\n\t\t\t\t<\/div>\n\t\t<div class=\"elementor-element elementor-element-d9199ec e-con-full e-flex e-con e-child\" data-id=\"d9199ec\" data-element_type=\"container\" data-e-type=\"container\">\n\t\t\t\t<div class=\"elementor-element elementor-element-8ace0e4 elementor-widget elementor-widget-image\" data-id=\"8ace0e4\" data-element_type=\"widget\" data-e-type=\"widget\" data-widget_type=\"image.default\">\n\t\t\t\t<div class=\"elementor-widget-container\">\n\t\t\t\t\t\t\t\t\t\t\t\t\t\t\t\t<a href=\"https:\/\/www.lamolisana.it\/fr\/filiere-integree\/usine-de-pates\/\">\n\t\t\t\t\t\t\t<img decoding=\"async\" width=\"800\" height=\"800\" src=\"https:\/\/www.lamolisana.it\/wp-content\/uploads\/2025\/07\/box-pastificio.webp\" class=\"attachment-full size-full wp-image-100013\" alt=\"Il Pastificio - La Molisana\" srcset=\"https:\/\/www.lamolisana.it\/wp-content\/uploads\/2025\/07\/box-pastificio.webp 800w, https:\/\/www.lamolisana.it\/wp-content\/uploads\/2025\/07\/box-pastificio-300x300.webp 300w, https:\/\/www.lamolisana.it\/wp-content\/uploads\/2025\/07\/box-pastificio-768x768.webp 768w, https:\/\/www.lamolisana.it\/wp-content\/uploads\/2025\/07\/box-pastificio-500x500.webp 500w\" sizes=\"(max-width: 800px) 100vw, 800px\" \/>\t\t\t\t\t\t\t\t<\/a>\n\t\t\t\t\t\t\t\t\t\t\t\t\t\t\t<\/div>\n\t\t\t\t<\/div>\n\t\t<div class=\"elementor-element elementor-element-690110a e-con-full e-flex e-con e-child\" data-id=\"690110a\" data-element_type=\"container\" data-e-type=\"container\" data-settings=\"{&quot;position&quot;:&quot;absolute&quot;}\">\n\t\t\t\t<div class=\"elementor-element elementor-element-575103a elementor-widget__width-initial elementor-widget elementor-widget-heading\" data-id=\"575103a\" data-element_type=\"widget\" data-e-type=\"widget\" data-widget_type=\"heading.default\">\n\t\t\t\t<div class=\"elementor-widget-container\">\n\t\t\t\t\t<h2 class=\"elementor-heading-title elementor-size-default\"><a href=\"https:\/\/www.lamolisana.it\/fr\/filiere-integree\/usine-de-pates\/\">Usine de p\u00e2tes<\/a><\/h2>\t\t\t\t<\/div>\n\t\t\t\t<\/div>\n\t\t\t\t<\/div>\n\t\t\t\t<\/div>\n\t\t<div class=\"elementor-element elementor-element-6c9dfee e-con-full e-flex e-con e-child\" data-id=\"6c9dfee\" data-element_type=\"container\" data-e-type=\"container\">\n\t\t\t\t<div class=\"elementor-element elementor-element-c98e392 elementor-widget elementor-widget-image\" data-id=\"c98e392\" data-element_type=\"widget\" data-e-type=\"widget\" data-widget_type=\"image.default\">\n\t\t\t\t<div class=\"elementor-widget-container\">\n\t\t\t\t\t\t\t\t\t\t\t\t\t\t\t\t<a href=\"https:\/\/www.lamolisana.it\/fr\/qui-sommes-nous\/molise-existe\/\">\n\t\t\t\t\t\t\t<img decoding=\"async\" width=\"800\" height=\"800\" src=\"https:\/\/www.lamolisana.it\/wp-content\/uploads\/2025\/07\/box-molise.webp\" class=\"attachment-full size-full wp-image-100017\" alt=\"\" srcset=\"https:\/\/www.lamolisana.it\/wp-content\/uploads\/2025\/07\/box-molise.webp 800w, https:\/\/www.lamolisana.it\/wp-content\/uploads\/2025\/07\/box-molise-300x300.webp 300w, https:\/\/www.lamolisana.it\/wp-content\/uploads\/2025\/07\/box-molise-768x768.webp 768w, https:\/\/www.lamolisana.it\/wp-content\/uploads\/2025\/07\/box-molise-500x500.webp 500w\" sizes=\"(max-width: 800px) 100vw, 800px\" \/>\t\t\t\t\t\t\t\t<\/a>\n\t\t\t\t\t\t\t\t\t\t\t\t\t\t\t<\/div>\n\t\t\t\t<\/div>\n\t\t<div class=\"elementor-element elementor-element-d40ed82 e-con-full e-flex e-con e-child\" data-id=\"d40ed82\" data-element_type=\"container\" data-e-type=\"container\" data-settings=\"{&quot;position&quot;:&quot;absolute&quot;}\">\n\t\t\t\t<div class=\"elementor-element elementor-element-fb016dd elementor-widget__width-initial elementor-widget elementor-widget-heading\" data-id=\"fb016dd\" data-element_type=\"widget\" data-e-type=\"widget\" data-widget_type=\"heading.default\">\n\t\t\t\t<div class=\"elementor-widget-container\">\n\t\t\t\t\t<h2 class=\"elementor-heading-title elementor-size-default\"><a href=\"https:\/\/www.lamolisana.it\/fr\/qui-sommes-nous\/molise-existe\/\">Molise existe<\/a><\/h2>\t\t\t\t<\/div>\n\t\t\t\t<\/div>\n\t\t\t\t<\/div>\n\t\t\t\t<\/div>\n\t\t<div class=\"elementor-element elementor-element-5410139 e-con-full e-flex e-con e-child\" data-id=\"5410139\" data-element_type=\"container\" data-e-type=\"container\">\n\t\t\t\t<div class=\"elementor-element elementor-element-c6db89a elementor-widget elementor-widget-image\" data-id=\"c6db89a\" data-element_type=\"widget\" data-e-type=\"widget\" data-widget_type=\"image.default\">\n\t\t\t\t<div class=\"elementor-widget-container\">\n\t\t\t\t\t\t\t\t\t\t\t\t\t\t\t\t<a href=\"https:\/\/www.lamolisana.it\/fr\/filiere-integree\/\">\n\t\t\t\t\t\t\t<img loading=\"lazy\" decoding=\"async\" width=\"800\" height=\"800\" src=\"https:\/\/www.lamolisana.it\/wp-content\/uploads\/2025\/05\/box-filiera-pasta-1.webp\" class=\"attachment-full size-full wp-image-95534\" alt=\"\" srcset=\"https:\/\/www.lamolisana.it\/wp-content\/uploads\/2025\/05\/box-filiera-pasta-1.webp 800w, https:\/\/www.lamolisana.it\/wp-content\/uploads\/2025\/05\/box-filiera-pasta-1-300x300.webp 300w, https:\/\/www.lamolisana.it\/wp-content\/uploads\/2025\/05\/box-filiera-pasta-1-768x768.webp 768w, https:\/\/www.lamolisana.it\/wp-content\/uploads\/2025\/05\/box-filiera-pasta-1-500x500.webp 500w\" sizes=\"(max-width: 800px) 100vw, 800px\" \/>\t\t\t\t\t\t\t\t<\/a>\n\t\t\t\t\t\t\t\t\t\t\t\t\t\t\t<\/div>\n\t\t\t\t<\/div>\n\t\t<div class=\"elementor-element elementor-element-0a9b93b e-con-full e-flex e-con e-child\" data-id=\"0a9b93b\" data-element_type=\"container\" data-e-type=\"container\" data-settings=\"{&quot;position&quot;:&quot;absolute&quot;}\">\n\t\t\t\t<div class=\"elementor-element elementor-element-4f5b741 elementor-widget__width-initial elementor-widget elementor-widget-heading\" data-id=\"4f5b741\" data-element_type=\"widget\" data-e-type=\"widget\" data-widget_type=\"heading.default\">\n\t\t\t\t<div class=\"elementor-widget-container\">\n\t\t\t\t\t<h2 class=\"elementor-heading-title elementor-size-default\"><a href=\"https:\/\/www.lamolisana.it\/fr\/filiere-integree\/\">La cha\u00eene d'approvisionnement int\u00e9gr\u00e9e<\/a><\/h2>\t\t\t\t<\/div>\n\t\t\t\t<\/div>\n\t\t\t\t<\/div>\n\t\t\t\t<\/div>\n\t\t<div class=\"elementor-element elementor-element-e65404b e-con-full e-flex e-con e-child\" data-id=\"e65404b\" data-element_type=\"container\" data-e-type=\"container\">\n\t\t\t\t<div class=\"elementor-element elementor-element-8251a98 elementor-widget elementor-widget-image\" data-id=\"8251a98\" data-element_type=\"widget\" data-e-type=\"widget\" data-widget_type=\"image.default\">\n\t\t\t\t<div class=\"elementor-widget-container\">\n\t\t\t\t\t\t\t\t\t\t\t\t\t\t\t\t<a href=\"https:\/\/www.lamolisana.it\/fr\/qui-sommes-nous\/sartoria-della-pasta\/\">\n\t\t\t\t\t\t\t<img loading=\"lazy\" decoding=\"async\" width=\"800\" height=\"800\" src=\"https:\/\/www.lamolisana.it\/wp-content\/uploads\/2025\/07\/box-sartoria.webp\" class=\"attachment-full size-full wp-image-100021\" alt=\"\" srcset=\"https:\/\/www.lamolisana.it\/wp-content\/uploads\/2025\/07\/box-sartoria.webp 800w, https:\/\/www.lamolisana.it\/wp-content\/uploads\/2025\/07\/box-sartoria-300x300.webp 300w, https:\/\/www.lamolisana.it\/wp-content\/uploads\/2025\/07\/box-sartoria-768x768.webp 768w, https:\/\/www.lamolisana.it\/wp-content\/uploads\/2025\/07\/box-sartoria-500x500.webp 500w\" sizes=\"(max-width: 800px) 100vw, 800px\" \/>\t\t\t\t\t\t\t\t<\/a>\n\t\t\t\t\t\t\t\t\t\t\t\t\t\t\t<\/div>\n\t\t\t\t<\/div>\n\t\t<div class=\"elementor-element elementor-element-75d0de3 e-con-full e-flex e-con e-child\" data-id=\"75d0de3\" data-element_type=\"container\" data-e-type=\"container\" data-settings=\"{&quot;position&quot;:&quot;absolute&quot;}\">\n\t\t\t\t<div class=\"elementor-element elementor-element-5cdccb4 elementor-widget__width-initial elementor-widget elementor-widget-heading\" data-id=\"5cdccb4\" data-element_type=\"widget\" data-e-type=\"widget\" data-widget_type=\"heading.default\">\n\t\t\t\t<div class=\"elementor-widget-container\">\n\t\t\t\t\t<h2 class=\"elementor-heading-title elementor-size-default\"><a href=\"https:\/\/www.lamolisana.it\/fr\/qui-sommes-nous\/sartoria-della-pasta\/\">\u00ab Sartoria della pasta \u00bb<\/a><\/h2>\t\t\t\t<\/div>\n\t\t\t\t<\/div>\n\t\t\t\t<\/div>\n\t\t\t\t<\/div>\n\t\t<div class=\"elementor-element elementor-element-cd0d1fa e-con-full e-flex e-con e-child\" data-id=\"cd0d1fa\" data-element_type=\"container\" data-e-type=\"container\">\n\t\t\t\t<div class=\"elementor-element elementor-element-7a048da elementor-widget elementor-widget-image\" data-id=\"7a048da\" data-element_type=\"widget\" data-e-type=\"widget\" data-widget_type=\"image.default\">\n\t\t\t\t<div class=\"elementor-widget-container\">\n\t\t\t\t\t\t\t\t\t\t\t\t\t\t\t\t<a href=\"https:\/\/www.lamolisana.it\/fr\/qui-sommes-nous\/100-ans-de-pates\/\">\n\t\t\t\t\t\t\t<img loading=\"lazy\" decoding=\"async\" width=\"800\" height=\"800\" src=\"https:\/\/www.lamolisana.it\/wp-content\/uploads\/2025\/07\/box-100-anni.webp\" class=\"attachment-full size-full wp-image-100025\" alt=\"\" srcset=\"https:\/\/www.lamolisana.it\/wp-content\/uploads\/2025\/07\/box-100-anni.webp 800w, https:\/\/www.lamolisana.it\/wp-content\/uploads\/2025\/07\/box-100-anni-300x300.webp 300w, https:\/\/www.lamolisana.it\/wp-content\/uploads\/2025\/07\/box-100-anni-768x768.webp 768w, https:\/\/www.lamolisana.it\/wp-content\/uploads\/2025\/07\/box-100-anni-500x500.webp 500w\" sizes=\"(max-width: 800px) 100vw, 800px\" \/>\t\t\t\t\t\t\t\t<\/a>\n\t\t\t\t\t\t\t\t\t\t\t\t\t\t\t<\/div>\n\t\t\t\t<\/div>\n\t\t<div class=\"elementor-element elementor-element-8db8ac4 e-con-full e-flex e-con e-child\" data-id=\"8db8ac4\" data-element_type=\"container\" data-e-type=\"container\" data-settings=\"{&quot;position&quot;:&quot;absolute&quot;}\">\n\t\t\t\t<div class=\"elementor-element elementor-element-0758461 elementor-widget__width-initial elementor-widget elementor-widget-heading\" data-id=\"0758461\" data-element_type=\"widget\" data-e-type=\"widget\" data-widget_type=\"heading.default\">\n\t\t\t\t<div class=\"elementor-widget-container\">\n\t\t\t\t\t<h2 class=\"elementor-heading-title elementor-size-default\"><a href=\"https:\/\/www.lamolisana.it\/fr\/qui-sommes-nous\/100-ans-de-pates\/\">100 ans de p\u00e2tes<\/a><\/h2>\t\t\t\t<\/div>\n\t\t\t\t<\/div>\n\t\t\t\t<\/div>\n\t\t\t\t<\/div>\n\t\t<div class=\"elementor-element elementor-element-76e5b60 e-con-full e-flex e-con e-child\" data-id=\"76e5b60\" data-element_type=\"container\" data-e-type=\"container\">\n\t\t\t\t<div class=\"elementor-element elementor-element-7a52b1d elementor-widget elementor-widget-image\" data-id=\"7a52b1d\" data-element_type=\"widget\" data-e-type=\"widget\" data-widget_type=\"image.default\">\n\t\t\t\t<div class=\"elementor-widget-container\">\n\t\t\t\t\t\t\t\t\t\t\t\t\t\t\t\t<a href=\"https:\/\/www.lamolisana.it\/fr\/qui-sommes-nous\/quatre-cousins\/\">\n\t\t\t\t\t\t\t<img loading=\"lazy\" decoding=\"async\" width=\"800\" height=\"800\" src=\"https:\/\/www.lamolisana.it\/wp-content\/uploads\/2025\/07\/box-persone.webp\" class=\"attachment-full size-full wp-image-100029\" alt=\"\" srcset=\"https:\/\/www.lamolisana.it\/wp-content\/uploads\/2025\/07\/box-persone.webp 800w, https:\/\/www.lamolisana.it\/wp-content\/uploads\/2025\/07\/box-persone-300x300.webp 300w, https:\/\/www.lamolisana.it\/wp-content\/uploads\/2025\/07\/box-persone-768x768.webp 768w, https:\/\/www.lamolisana.it\/wp-content\/uploads\/2025\/07\/box-persone-500x500.webp 500w\" sizes=\"(max-width: 800px) 100vw, 800px\" \/>\t\t\t\t\t\t\t\t<\/a>\n\t\t\t\t\t\t\t\t\t\t\t\t\t\t\t<\/div>\n\t\t\t\t<\/div>\n\t\t<div class=\"elementor-element elementor-element-a288ccc e-con-full e-flex e-con e-child\" data-id=\"a288ccc\" data-element_type=\"container\" data-e-type=\"container\" data-settings=\"{&quot;position&quot;:&quot;absolute&quot;}\">\n\t\t\t\t<div class=\"elementor-element elementor-element-ae6448e elementor-widget__width-initial elementor-widget elementor-widget-heading\" data-id=\"ae6448e\" data-element_type=\"widget\" data-e-type=\"widget\" data-widget_type=\"heading.default\">\n\t\t\t\t<div class=\"elementor-widget-container\">\n\t\t\t\t\t<h2 class=\"elementor-heading-title elementor-size-default\"><a href=\"https:\/\/www.lamolisana.it\/fr\/qui-sommes-nous\/quatre-cousins\/\">Le peuple<\/a><\/h2>\t\t\t\t<\/div>\n\t\t\t\t<\/div>\n\t\t\t\t<\/div>\n\t\t\t\t<\/div>\n\t\t<div class=\"elementor-element elementor-element-0c17980 e-con-full e-flex e-con e-child\" data-id=\"0c17980\" data-element_type=\"container\" data-e-type=\"container\">\n\t\t\t\t<div class=\"elementor-element elementor-element-886679b elementor-widget elementor-widget-image\" data-id=\"886679b\" data-element_type=\"widget\" data-e-type=\"widget\" data-widget_type=\"image.default\">\n\t\t\t\t<div class=\"elementor-widget-container\">\n\t\t\t\t\t\t\t\t\t\t\t\t\t\t\t\t<a href=\"https:\/\/www.lamolisana.it\/fr\/qui-sommes-nous\/publicite\/\">\n\t\t\t\t\t\t\t<img loading=\"lazy\" decoding=\"async\" width=\"800\" height=\"800\" src=\"https:\/\/www.lamolisana.it\/wp-content\/uploads\/2025\/07\/box-comunicazione.webp\" class=\"attachment-full size-full wp-image-100033\" alt=\"\" srcset=\"https:\/\/www.lamolisana.it\/wp-content\/uploads\/2025\/07\/box-comunicazione.webp 800w, https:\/\/www.lamolisana.it\/wp-content\/uploads\/2025\/07\/box-comunicazione-300x300.webp 300w, https:\/\/www.lamolisana.it\/wp-content\/uploads\/2025\/07\/box-comunicazione-768x768.webp 768w, https:\/\/www.lamolisana.it\/wp-content\/uploads\/2025\/07\/box-comunicazione-500x500.webp 500w\" sizes=\"(max-width: 800px) 100vw, 800px\" \/>\t\t\t\t\t\t\t\t<\/a>\n\t\t\t\t\t\t\t\t\t\t\t\t\t\t\t<\/div>\n\t\t\t\t<\/div>\n\t\t<div class=\"elementor-element elementor-element-e74b8d2 e-con-full e-flex e-con e-child\" data-id=\"e74b8d2\" data-element_type=\"container\" data-e-type=\"container\" data-settings=\"{&quot;position&quot;:&quot;absolute&quot;}\">\n\t\t\t\t<div class=\"elementor-element elementor-element-6582de1 elementor-widget__width-initial elementor-widget elementor-widget-heading\" data-id=\"6582de1\" data-element_type=\"widget\" data-e-type=\"widget\" data-widget_type=\"heading.default\">\n\t\t\t\t<div class=\"elementor-widget-container\">\n\t\t\t\t\t<h2 class=\"elementor-heading-title elementor-size-default\"><a href=\"https:\/\/www.lamolisana.it\/fr\/qui-sommes-nous\/publicite\/\">Publicit\u00e9 <\/a><\/h2>\t\t\t\t<\/div>\n\t\t\t\t<\/div>\n\t\t\t\t<\/div>\n\t\t\t\t<\/div>\n\t\t\t\t\t<\/div>\n\t\t\t\t<\/div>\n\t\t\t\t<\/div>\n\t\t","protected":false},"excerpt":{"rendered":"<p>Accueil Qui sommes-nous ? Nos racines, notre force. Derri\u00e8re chaque forme de p\u00e2tes se cache un univers de valeurs authentiques, de traditions locales et d&rsquo;un d\u00e9vouement quotidien. Un voyage \u00e0 la d\u00e9couverte de l&rsquo;\u00e2me de La Molisana, o\u00f9 qualit\u00e9 et innovation se rencontrent dans la plus pure tradition italienne. Une histoire enracin\u00e9e dans les traditions [&hellip;]<\/p>\n","protected":false},"author":1,"featured_media":0,"parent":0,"menu_order":0,"comment_status":"closed","ping_status":"closed","template":"elementor_header_footer","meta":{"_acf_changed":false,"yasr_overall_rating":0,"yasr_post_is_review":"","yasr_auto_insert_disabled":"","yasr_review_type":"","footnotes":""},"class_list":["post-105300","page","type-page","status-publish","hentry"],"acf":[],"yasr_visitor_votes":{"stars_attributes":{"read_only":false,"span_bottom":false},"number_of_votes":0,"sum_votes":0},"_links":{"self":[{"href":"https:\/\/www.lamolisana.it\/fr\/wp-json\/wp\/v2\/pages\/105300","targetHints":{"allow":["GET"]}}],"collection":[{"href":"https:\/\/www.lamolisana.it\/fr\/wp-json\/wp\/v2\/pages"}],"about":[{"href":"https:\/\/www.lamolisana.it\/fr\/wp-json\/wp\/v2\/types\/page"}],"author":[{"embeddable":true,"href":"https:\/\/www.lamolisana.it\/fr\/wp-json\/wp\/v2\/users\/1"}],"replies":[{"embeddable":true,"href":"https:\/\/www.lamolisana.it\/fr\/wp-json\/wp\/v2\/comments?post=105300"}],"version-history":[{"count":3,"href":"https:\/\/www.lamolisana.it\/fr\/wp-json\/wp\/v2\/pages\/105300\/revisions"}],"predecessor-version":[{"id":105716,"href":"https:\/\/www.lamolisana.it\/fr\/wp-json\/wp\/v2\/pages\/105300\/revisions\/105716"}],"wp:attachment":[{"href":"https:\/\/www.lamolisana.it\/fr\/wp-json\/wp\/v2\/media?parent=105300"}],"curies":[{"name":"wp","href":"https:\/\/api.w.org\/{rel}","templated":true}]}}