{"id":105340,"date":"2021-05-20T17:04:45","date_gmt":"2021-05-20T15:04:45","guid":{"rendered":"https:\/\/www.lamolisana.it\/qui-sommes-nous\/spirito-tenace-una-storia-di-famiglia\/"},"modified":"2026-02-20T11:40:27","modified_gmt":"2026-02-20T10:40:27","slug":"un-esprit-tenace-une-histoire-de-famille","status":"publish","type":"page","link":"https:\/\/www.lamolisana.it\/fr\/qui-sommes-nous\/un-esprit-tenace-une-histoire-de-famille\/","title":{"rendered":"L&rsquo;histoire de la famille Ferro et de La Molisana"},"content":{"rendered":"\t\t<div data-elementor-type=\"wp-page\" data-elementor-id=\"105340\" class=\"elementor elementor-105340 elementor-5041\" data-elementor-post-type=\"page\">\n\t\t\t\t<div class=\"elementor-element elementor-element-5693995 e-flex e-con-boxed e-con e-parent\" data-id=\"5693995\" data-element_type=\"container\" data-e-type=\"container\">\n\t\t\t\t\t<div class=\"e-con-inner\">\n\t\t<div class=\"elementor-element elementor-element-1b2a20a e-con-full e-flex e-con e-child\" data-id=\"1b2a20a\" data-element_type=\"container\" data-e-type=\"container\">\n\t\t\t\t<div class=\"elementor-element elementor-element-647be36 elementor-icon-list--layout-inline elementor-list-item-link-full_width elementor-widget elementor-widget-icon-list\" data-id=\"647be36\" data-element_type=\"widget\" data-e-type=\"widget\" data-widget_type=\"icon-list.default\">\n\t\t\t\t<div class=\"elementor-widget-container\">\n\t\t\t\t\t\t\t<ul class=\"elementor-icon-list-items elementor-inline-items\">\n\t\t\t\t\t\t\t<li class=\"elementor-icon-list-item elementor-inline-item\">\n\t\t\t\t\t\t\t\t\t\t\t<a href=\"https:\/\/www.lamolisana.it\/fr\/\">\n\n\t\t\t\t\t\t\t\t\t\t\t\t<span class=\"elementor-icon-list-icon\">\n\t\t\t\t\t\t\t<i aria-hidden=\"true\" class=\"fas fa-chevron-right\"><\/i>\t\t\t\t\t\t<\/span>\n\t\t\t\t\t\t\t\t\t\t<span class=\"elementor-icon-list-text\">Accueil<\/span>\n\t\t\t\t\t\t\t\t\t\t\t<\/a>\n\t\t\t\t\t\t\t\t\t<\/li>\n\t\t\t\t\t\t\t\t<li class=\"elementor-icon-list-item elementor-inline-item\">\n\t\t\t\t\t\t\t\t\t\t\t<a href=\"https:\/\/www.lamolisana.it\/fr\/qui-sommes-nous\/\">\n\n\t\t\t\t\t\t\t\t\t\t\t\t<span class=\"elementor-icon-list-icon\">\n\t\t\t\t\t\t\t<i aria-hidden=\"true\" class=\"fas fa-chevron-right\"><\/i>\t\t\t\t\t\t<\/span>\n\t\t\t\t\t\t\t\t\t\t<span class=\"elementor-icon-list-text\">Qui sommes-nous<\/span>\n\t\t\t\t\t\t\t\t\t\t\t<\/a>\n\t\t\t\t\t\t\t\t\t<\/li>\n\t\t\t\t\t\t<\/ul>\n\t\t\t\t\t\t<\/div>\n\t\t\t\t<\/div>\n\t\t\t\t<div class=\"elementor-element elementor-element-c77e043 elementor-widget elementor-widget-heading\" data-id=\"c77e043\" data-element_type=\"widget\" data-e-type=\"widget\" data-widget_type=\"heading.default\">\n\t\t\t\t<div class=\"elementor-widget-container\">\n\t\t\t\t\t<h1 class=\"elementor-heading-title elementor-size-default\">L'#espritt\u00e9nacit\u00e9<\/h1>\t\t\t\t<\/div>\n\t\t\t\t<\/div>\n\t\t\t\t<div class=\"elementor-element elementor-element-cf46579 elementor-widget elementor-widget-heading\" data-id=\"cf46579\" data-element_type=\"widget\" data-e-type=\"widget\" data-widget_type=\"heading.default\">\n\t\t\t\t<div class=\"elementor-widget-container\">\n\t\t\t\t\t<h2 class=\"elementor-heading-title elementor-size-default\">Une histoire de courage, de racines et de folie qui s'\u00e9tend sur 100 ans.<\/h2>\t\t\t\t<\/div>\n\t\t\t\t<\/div>\n\t\t\t\t<div class=\"elementor-element elementor-element-df1765a elementor-widget elementor-widget-text-editor\" data-id=\"df1765a\" data-element_type=\"widget\" data-e-type=\"widget\" data-widget_type=\"text-editor.default\">\n\t\t\t\t<div class=\"elementor-widget-container\">\n\t\t\t\t\t\t\t\t\t<p>Il y a cent ans, un r\u00eave a commenc\u00e9 \u00e0 prendre forme gr\u00e2ce \u00e0 une famille visionnaire. Revivez l&rsquo;histoire de cette \u00ab folie \u00bb entrepreneuriale devenue l&rsquo;une des entreprises les plus solides du paysage alimentaire italien, anim\u00e9e par des valeurs authentiques et des ambitions concr\u00e8tes.<\/p>\t\t\t\t\t\t\t\t<\/div>\n\t\t\t\t<\/div>\n\t\t\t\t<\/div>\n\t\t\t\t\t<\/div>\n\t\t\t\t<\/div>\n\t\t<div class=\"elementor-element elementor-element-547ee88 e-flex e-con-boxed e-con e-parent\" data-id=\"547ee88\" data-element_type=\"container\" data-e-type=\"container\">\n\t\t\t\t\t<div class=\"e-con-inner\">\n\t\t<div class=\"elementor-element elementor-element-dfc7320 e-con-full e-flex e-con e-child\" data-id=\"dfc7320\" data-element_type=\"container\" data-e-type=\"container\">\n\t\t\t\t<div class=\"elementor-element elementor-element-83ffe01 elementor-widget elementor-widget-image\" data-id=\"83ffe01\" data-element_type=\"widget\" data-e-type=\"widget\" data-widget_type=\"image.default\">\n\t\t\t\t<div class=\"elementor-widget-container\">\n\t\t\t\t\t\t\t\t\t\t\t\t\t\t\t<img fetchpriority=\"high\" decoding=\"async\" width=\"1080\" height=\"1080\" src=\"https:\/\/www.lamolisana.it\/wp-content\/uploads\/2025\/07\/coraggio-1.webp\" class=\"attachment-full size-full wp-image-100213\" alt=\"\" srcset=\"https:\/\/www.lamolisana.it\/wp-content\/uploads\/2025\/07\/coraggio-1.webp 1080w, https:\/\/www.lamolisana.it\/wp-content\/uploads\/2025\/07\/coraggio-1-800x800.webp 800w, https:\/\/www.lamolisana.it\/wp-content\/uploads\/2025\/07\/coraggio-1-300x300.webp 300w, https:\/\/www.lamolisana.it\/wp-content\/uploads\/2025\/07\/coraggio-1-768x768.webp 768w, https:\/\/www.lamolisana.it\/wp-content\/uploads\/2025\/07\/coraggio-1-500x500.webp 500w\" sizes=\"(max-width: 1080px) 100vw, 1080px\" \/>\t\t\t\t\t\t\t\t\t\t\t\t\t\t\t<\/div>\n\t\t\t\t<\/div>\n\t\t\t\t<\/div>\n\t\t<div class=\"elementor-element elementor-element-77285d5 e-con-full e-flex e-con e-child\" data-id=\"77285d5\" data-element_type=\"container\" data-e-type=\"container\">\n\t\t\t\t<div class=\"elementor-element elementor-element-231d558 elementor-widget elementor-widget-heading\" data-id=\"231d558\" data-element_type=\"widget\" data-e-type=\"widget\" data-widget_type=\"heading.default\">\n\t\t\t\t<div class=\"elementor-widget-container\">\n\t\t\t\t\t<h3 class=\"elementor-heading-title elementor-size-default\">Courage<\/h3>\t\t\t\t<\/div>\n\t\t\t\t<\/div>\n\t\t\t\t<div class=\"elementor-element elementor-element-fb194f9 elementor-widget elementor-widget-heading\" data-id=\"fb194f9\" data-element_type=\"widget\" data-e-type=\"widget\" data-widget_type=\"heading.default\">\n\t\t\t\t<div class=\"elementor-widget-container\">\n\t\t\t\t\t<h3 class=\"elementor-heading-title elementor-size-default\">Le d\u00e9but de l'histoire<\/h3>\t\t\t\t<\/div>\n\t\t\t\t<\/div>\n\t\t\t\t<div class=\"elementor-element elementor-element-dd9b248 elementor-widget elementor-widget-text-editor\" data-id=\"dd9b248\" data-element_type=\"widget\" data-e-type=\"widget\" data-widget_type=\"text-editor.default\">\n\t\t\t\t<div class=\"elementor-widget-container\">\n\t\t\t\t\t\t\t\t\t<p>Le courage est une force qui nous pousse \u00e0 d\u00e9passer nos limites et nos faiblesses. C&rsquo;est l&rsquo;acharnement que nous d\u00e9ployons pour d\u00e9fendre nos convictions. C&rsquo;est la vague qui nous submerge et nous redresse lorsque nous sommes courb\u00e9s.<\/p>\t\t\t\t\t\t\t\t<\/div>\n\t\t\t\t<\/div>\n\t\t\t\t<\/div>\n\t\t\t\t\t<\/div>\n\t\t\t\t<\/div>\n\t\t<div class=\"elementor-element elementor-element-c27756c e-flex e-con-boxed e-con e-parent\" data-id=\"c27756c\" data-element_type=\"container\" data-e-type=\"container\">\n\t\t\t\t\t<div class=\"e-con-inner\">\n\t\t<div class=\"elementor-element elementor-element-acf2a62 e-con-full e-flex e-con e-child\" data-id=\"acf2a62\" data-element_type=\"container\" data-e-type=\"container\">\n\t\t\t\t<div class=\"elementor-element elementor-element-37fed4e elementor-widget elementor-widget-heading\" data-id=\"37fed4e\" data-element_type=\"widget\" data-e-type=\"widget\" data-widget_type=\"heading.default\">\n\t\t\t\t<div class=\"elementor-widget-container\">\n\t\t\t\t\t<h3 class=\"elementor-heading-title elementor-size-default\">Racines<\/h3>\t\t\t\t<\/div>\n\t\t\t\t<\/div>\n\t\t\t\t<div class=\"elementor-element elementor-element-932c081 elementor-widget elementor-widget-heading\" data-id=\"932c081\" data-element_type=\"widget\" data-e-type=\"widget\" data-widget_type=\"heading.default\">\n\t\t\t\t<div class=\"elementor-widget-container\">\n\t\t\t\t\t<h3 class=\"elementor-heading-title elementor-size-default\">Les racines de ceux qui restent mais veulent partir au loin<\/h3>\t\t\t\t<\/div>\n\t\t\t\t<\/div>\n\t\t\t\t<div class=\"elementor-element elementor-element-985dc47 elementor-widget elementor-widget-text-editor\" data-id=\"985dc47\" data-element_type=\"widget\" data-e-type=\"widget\" data-widget_type=\"text-editor.default\">\n\t\t\t\t<div class=\"elementor-widget-container\">\n\t\t\t\t\t\t\t\t\t<p>Avoir des racines, c&rsquo;est \u00e9prouver de l&rsquo;amour et un sens des responsabilit\u00e9s envers sa communaut\u00e9. C&rsquo;est le d\u00e9sir de restaurer le bien-\u00eatre, la prosp\u00e9rit\u00e9 et un avenir prometteur dans ce \u00ab\u00a0lieu de l&rsquo;\u00e2me\u00a0\u00bb. Les racines sont le phare qui nous guide et nous ram\u00e8ne toujours \u00e0 notre foyer\u00a0; elles sont le moteur et l&rsquo;\u00e9nergie n\u00e9cessaires \u00e0 la construction d&rsquo;un \u00e9difice d&rsquo;une valeur inestimable, un \u00e9difice que la communaut\u00e9 elle-m\u00eame reconna\u00eet et pour lequel elle est pr\u00eate \u00e0 se battre.<\/p>\t\t\t\t\t\t\t\t<\/div>\n\t\t\t\t<\/div>\n\t\t\t\t<\/div>\n\t\t<div class=\"elementor-element elementor-element-546b164 e-con-full e-flex e-con e-child\" data-id=\"546b164\" data-element_type=\"container\" data-e-type=\"container\">\n\t\t\t\t<div class=\"elementor-element elementor-element-ea0402f elementor-widget elementor-widget-image\" data-id=\"ea0402f\" data-element_type=\"widget\" data-e-type=\"widget\" data-widget_type=\"image.default\">\n\t\t\t\t<div class=\"elementor-widget-container\">\n\t\t\t\t\t\t\t\t\t\t\t\t\t\t\t<img decoding=\"async\" width=\"1080\" height=\"1080\" src=\"https:\/\/www.lamolisana.it\/wp-content\/uploads\/2025\/07\/radici.webp\" class=\"attachment-full size-full wp-image-100217\" alt=\"\" srcset=\"https:\/\/www.lamolisana.it\/wp-content\/uploads\/2025\/07\/radici.webp 1080w, https:\/\/www.lamolisana.it\/wp-content\/uploads\/2025\/07\/radici-800x800.webp 800w, https:\/\/www.lamolisana.it\/wp-content\/uploads\/2025\/07\/radici-300x300.webp 300w, https:\/\/www.lamolisana.it\/wp-content\/uploads\/2025\/07\/radici-768x768.webp 768w, https:\/\/www.lamolisana.it\/wp-content\/uploads\/2025\/07\/radici-500x500.webp 500w\" sizes=\"(max-width: 1080px) 100vw, 1080px\" \/>\t\t\t\t\t\t\t\t\t\t\t\t\t\t\t<\/div>\n\t\t\t\t<\/div>\n\t\t\t\t<\/div>\n\t\t\t\t\t<\/div>\n\t\t\t\t<\/div>\n\t\t<div class=\"elementor-element elementor-element-e4def4a e-flex e-con-boxed e-con e-parent\" data-id=\"e4def4a\" data-element_type=\"container\" data-e-type=\"container\">\n\t\t\t\t\t<div class=\"e-con-inner\">\n\t\t<div class=\"elementor-element elementor-element-76c6f74 e-con-full e-flex e-con e-child\" data-id=\"76c6f74\" data-element_type=\"container\" data-e-type=\"container\">\n\t\t\t\t<div class=\"elementor-element elementor-element-6e0c878 elementor-widget elementor-widget-image\" data-id=\"6e0c878\" data-element_type=\"widget\" data-e-type=\"widget\" data-widget_type=\"image.default\">\n\t\t\t\t<div class=\"elementor-widget-container\">\n\t\t\t\t\t\t\t\t\t\t\t\t\t\t\t<img decoding=\"async\" width=\"1080\" height=\"1080\" src=\"https:\/\/www.lamolisana.it\/wp-content\/uploads\/2025\/07\/follia.webp\" class=\"attachment-full size-full wp-image-100221\" alt=\"\" srcset=\"https:\/\/www.lamolisana.it\/wp-content\/uploads\/2025\/07\/follia.webp 1080w, https:\/\/www.lamolisana.it\/wp-content\/uploads\/2025\/07\/follia-800x800.webp 800w, https:\/\/www.lamolisana.it\/wp-content\/uploads\/2025\/07\/follia-300x300.webp 300w, https:\/\/www.lamolisana.it\/wp-content\/uploads\/2025\/07\/follia-768x768.webp 768w, https:\/\/www.lamolisana.it\/wp-content\/uploads\/2025\/07\/follia-500x500.webp 500w\" sizes=\"(max-width: 1080px) 100vw, 1080px\" \/>\t\t\t\t\t\t\t\t\t\t\t\t\t\t\t<\/div>\n\t\t\t\t<\/div>\n\t\t\t\t<\/div>\n\t\t<div class=\"elementor-element elementor-element-bad5a0c e-con-full e-flex e-con e-child\" data-id=\"bad5a0c\" data-element_type=\"container\" data-e-type=\"container\">\n\t\t\t\t<div class=\"elementor-element elementor-element-e8d97b6 elementor-widget elementor-widget-heading\" data-id=\"e8d97b6\" data-element_type=\"widget\" data-e-type=\"widget\" data-widget_type=\"heading.default\">\n\t\t\t\t<div class=\"elementor-widget-container\">\n\t\t\t\t\t<h3 class=\"elementor-heading-title elementor-size-default\">Folie<\/h3>\t\t\t\t<\/div>\n\t\t\t\t<\/div>\n\t\t\t\t<div class=\"elementor-element elementor-element-320e62c elementor-widget elementor-widget-heading\" data-id=\"320e62c\" data-element_type=\"widget\" data-e-type=\"widget\" data-widget_type=\"heading.default\">\n\t\t\t\t<div class=\"elementor-widget-container\">\n\t\t\t\t\t<h3 class=\"elementor-heading-title elementor-size-default\">Un r\u00eave familial<\/h3>\t\t\t\t<\/div>\n\t\t\t\t<\/div>\n\t\t\t\t<div class=\"elementor-element elementor-element-f82c9a4 elementor-widget elementor-widget-text-editor\" data-id=\"f82c9a4\" data-element_type=\"widget\" data-e-type=\"widget\" data-widget_type=\"text-editor.default\">\n\t\t\t\t<div class=\"elementor-widget-container\">\n\t\t\t\t\t\t\t\t\t<p>La folie, c&rsquo;est de pers\u00e9v\u00e9rer dans la poursuite d&rsquo;un r\u00eave, m\u00eame lorsque le chemin est sem\u00e9 d&#8217;emb\u00fbches. C&rsquo;est croire que la t\u00e9nacit\u00e9, l&rsquo;innovation et le m\u00e9rite vous donneront raison, m\u00eame si les autres vous prennent pour un fou.<\/p>\t\t\t\t\t\t\t\t<\/div>\n\t\t\t\t<\/div>\n\t\t\t\t<\/div>\n\t\t\t\t\t<\/div>\n\t\t\t\t<\/div>\n\t\t<div class=\"elementor-element elementor-element-629ed00 e-flex e-con-boxed e-con e-parent\" data-id=\"629ed00\" data-element_type=\"container\" data-e-type=\"container\" data-settings=\"{&quot;background_background&quot;:&quot;classic&quot;}\">\n\t\t\t\t\t<div class=\"e-con-inner\">\n\t\t\t\t<div class=\"elementor-element elementor-element-904211f elementor-widget__width-initial elementor-widget elementor-widget-heading\" data-id=\"904211f\" data-element_type=\"widget\" data-e-type=\"widget\" data-widget_type=\"heading.default\">\n\t\t\t\t<div class=\"elementor-widget-container\">\n\t\t\t\t\t<h3 class=\"elementor-heading-title elementor-size-default\"><a href=\"https:\/\/www.lamolisana.it\/fr\/qui-sommes-nous\/un-esprit-tenace-une-histoire-de-famille\/notre-histoire\/\">Le voyage \u00e0 travers notre histoire se poursuit<\/a><\/h3>\t\t\t\t<\/div>\n\t\t\t\t<\/div>\n\t\t\t\t\t<\/div>\n\t\t\t\t<\/div>\n\t\t\t\t<\/div>\n\t\t","protected":false},"excerpt":{"rendered":"<p>Accueil Qui sommes-nous L&rsquo;#espritt\u00e9nacit\u00e9 Une histoire de courage, de racines et de folie qui s&rsquo;\u00e9tend sur 100 ans. Il y a cent ans, un r\u00eave a commenc\u00e9 \u00e0 prendre forme gr\u00e2ce \u00e0 une famille visionnaire. Revivez l&rsquo;histoire de cette \u00ab folie \u00bb entrepreneuriale devenue l&rsquo;une des entreprises les plus solides du paysage alimentaire italien, anim\u00e9e [&hellip;]<\/p>\n","protected":false},"author":1,"featured_media":0,"parent":105300,"menu_order":0,"comment_status":"closed","ping_status":"closed","template":"elementor_header_footer","meta":{"_acf_changed":false,"yasr_overall_rating":0,"yasr_post_is_review":"","yasr_auto_insert_disabled":"","yasr_review_type":"","footnotes":""},"class_list":["post-105340","page","type-page","status-publish","hentry"],"acf":[],"yasr_visitor_votes":{"stars_attributes":{"read_only":false,"span_bottom":false},"number_of_votes":0,"sum_votes":0},"_links":{"self":[{"href":"https:\/\/www.lamolisana.it\/fr\/wp-json\/wp\/v2\/pages\/105340","targetHints":{"allow":["GET"]}}],"collection":[{"href":"https:\/\/www.lamolisana.it\/fr\/wp-json\/wp\/v2\/pages"}],"about":[{"href":"https:\/\/www.lamolisana.it\/fr\/wp-json\/wp\/v2\/types\/page"}],"author":[{"embeddable":true,"href":"https:\/\/www.lamolisana.it\/fr\/wp-json\/wp\/v2\/users\/1"}],"replies":[{"embeddable":true,"href":"https:\/\/www.lamolisana.it\/fr\/wp-json\/wp\/v2\/comments?post=105340"}],"version-history":[{"count":3,"href":"https:\/\/www.lamolisana.it\/fr\/wp-json\/wp\/v2\/pages\/105340\/revisions"}],"predecessor-version":[{"id":105870,"href":"https:\/\/www.lamolisana.it\/fr\/wp-json\/wp\/v2\/pages\/105340\/revisions\/105870"}],"up":[{"embeddable":true,"href":"https:\/\/www.lamolisana.it\/fr\/wp-json\/wp\/v2\/pages\/105300"}],"wp:attachment":[{"href":"https:\/\/www.lamolisana.it\/fr\/wp-json\/wp\/v2\/media?parent=105340"}],"curies":[{"name":"wp","href":"https:\/\/api.w.org\/{rel}","templated":true}]}}