{"id":105357,"date":"2021-05-24T09:43:20","date_gmt":"2021-05-24T07:43:20","guid":{"rendered":"https:\/\/www.lamolisana.it\/qui-sommes-nous\/spirito-tenace-una-storia-di-famiglia\/la-nostra-storia\/"},"modified":"2026-02-20T11:40:35","modified_gmt":"2026-02-20T10:40:35","slug":"notre-histoire","status":"publish","type":"page","link":"https:\/\/www.lamolisana.it\/fr\/qui-sommes-nous\/un-esprit-tenace-une-histoire-de-famille\/notre-histoire\/","title":{"rendered":"Notre histoire"},"content":{"rendered":"\t\t<div data-elementor-type=\"wp-page\" data-elementor-id=\"105357\" class=\"elementor elementor-105357 elementor-5086\" data-elementor-post-type=\"page\">\n\t\t\t\t<div class=\"elementor-element elementor-element-9ac7c88 e-flex e-con-boxed e-con e-parent\" data-id=\"9ac7c88\" data-element_type=\"container\" data-e-type=\"container\">\n\t\t\t\t\t<div class=\"e-con-inner\">\n\t\t<div class=\"elementor-element elementor-element-14cded8 e-con-full e-flex e-con e-child\" data-id=\"14cded8\" data-element_type=\"container\" data-e-type=\"container\">\n\t\t\t\t<div class=\"elementor-element elementor-element-8ff07e3 elementor-icon-list--layout-inline elementor-list-item-link-full_width elementor-widget elementor-widget-icon-list\" data-id=\"8ff07e3\" data-element_type=\"widget\" data-e-type=\"widget\" data-widget_type=\"icon-list.default\">\n\t\t\t\t<div class=\"elementor-widget-container\">\n\t\t\t\t\t\t\t<ul class=\"elementor-icon-list-items elementor-inline-items\">\n\t\t\t\t\t\t\t<li class=\"elementor-icon-list-item elementor-inline-item\">\n\t\t\t\t\t\t\t\t\t\t\t<a href=\"https:\/\/www.lamolisana.it\/fr\/\">\n\n\t\t\t\t\t\t\t\t\t\t\t\t<span class=\"elementor-icon-list-icon\">\n\t\t\t\t\t\t\t<i aria-hidden=\"true\" class=\"fas fa-chevron-right\"><\/i>\t\t\t\t\t\t<\/span>\n\t\t\t\t\t\t\t\t\t\t<span class=\"elementor-icon-list-text\">Accueil<\/span>\n\t\t\t\t\t\t\t\t\t\t\t<\/a>\n\t\t\t\t\t\t\t\t\t<\/li>\n\t\t\t\t\t\t\t\t<li class=\"elementor-icon-list-item elementor-inline-item\">\n\t\t\t\t\t\t\t\t\t\t\t<a href=\"https:\/\/www.lamolisana.it\/fr\/qui-sommes-nous\/\">\n\n\t\t\t\t\t\t\t\t\t\t\t\t<span class=\"elementor-icon-list-icon\">\n\t\t\t\t\t\t\t<i aria-hidden=\"true\" class=\"fas fa-chevron-right\"><\/i>\t\t\t\t\t\t<\/span>\n\t\t\t\t\t\t\t\t\t\t<span class=\"elementor-icon-list-text\">Qui sommes-nous<\/span>\n\t\t\t\t\t\t\t\t\t\t\t<\/a>\n\t\t\t\t\t\t\t\t\t<\/li>\n\t\t\t\t\t\t\t\t<li class=\"elementor-icon-list-item elementor-inline-item\">\n\t\t\t\t\t\t\t\t\t\t\t<a href=\"https:\/\/www.lamolisana.it\/fr\/qui-sommes-nous\/un-esprit-tenace-une-histoire-de-famille\/\">\n\n\t\t\t\t\t\t\t\t\t\t\t\t<span class=\"elementor-icon-list-icon\">\n\t\t\t\t\t\t\t<i aria-hidden=\"true\" class=\"fas fa-chevron-right\"><\/i>\t\t\t\t\t\t<\/span>\n\t\t\t\t\t\t\t\t\t\t<span class=\"elementor-icon-list-text\">Esprit tenace<\/span>\n\t\t\t\t\t\t\t\t\t\t\t<\/a>\n\t\t\t\t\t\t\t\t\t<\/li>\n\t\t\t\t\t\t<\/ul>\n\t\t\t\t\t\t<\/div>\n\t\t\t\t<\/div>\n\t\t\t\t<div class=\"elementor-element elementor-element-f45b1c6 elementor-widget elementor-widget-heading\" data-id=\"f45b1c6\" data-element_type=\"widget\" data-e-type=\"widget\" data-widget_type=\"heading.default\">\n\t\t\t\t<div class=\"elementor-widget-container\">\n\t\t\t\t\t<h1 class=\"elementor-heading-title elementor-size-default\">Notre histoire<\/h1>\t\t\t\t<\/div>\n\t\t\t\t<\/div>\n\t\t\t\t<div class=\"elementor-element elementor-element-dfe82bf elementor-widget elementor-widget-heading\" data-id=\"dfe82bf\" data-element_type=\"widget\" data-e-type=\"widget\" data-widget_type=\"heading.default\">\n\t\t\t\t<div class=\"elementor-widget-container\">\n\t\t\t\t\t<h2 class=\"elementor-heading-title elementor-size-default\">Courage, racines, t\u00e9nacit\u00e9.<\/h2>\t\t\t\t<\/div>\n\t\t\t\t<\/div>\n\t\t\t\t<div class=\"elementor-element elementor-element-b6164f3 elementor-widget elementor-widget-text-editor\" data-id=\"b6164f3\" data-element_type=\"widget\" data-e-type=\"widget\" data-widget_type=\"text-editor.default\">\n\t\t\t\t<div class=\"elementor-widget-container\">\n\t\t\t\t\t\t\t\t\t<p>\u00ab Avoir \u00e9t\u00e9 est une condition de l&rsquo;\u00eatre. \u00bb <em>Fernand Braudel<\/em><\/p>\t\t\t\t\t\t\t\t<\/div>\n\t\t\t\t<\/div>\n\t\t\t\t<\/div>\n\t\t\t\t\t<\/div>\n\t\t\t\t<\/div>\n\t\t<div class=\"elementor-element elementor-element-4164b01 e-flex e-con-boxed e-con e-parent\" data-id=\"4164b01\" data-element_type=\"container\" data-e-type=\"container\">\n\t\t\t\t\t<div class=\"e-con-inner\">\n\t\t<div class=\"elementor-element elementor-element-a8a1663 e-con-full e-flex e-con e-child\" data-id=\"a8a1663\" data-element_type=\"container\" data-e-type=\"container\">\n\t\t<div class=\"elementor-element elementor-element-b8bd810 e-con-full e-flex e-con e-child\" data-id=\"b8bd810\" data-element_type=\"container\" data-e-type=\"container\" data-settings=\"{&quot;background_background&quot;:&quot;classic&quot;}\">\n\t\t\t\t<\/div>\n\t\t\t\t<\/div>\n\t\t<div class=\"elementor-element elementor-element-66ee68b e-con-full e-flex e-con e-child\" data-id=\"66ee68b\" data-element_type=\"container\" data-e-type=\"container\">\n\t\t\t\t<div class=\"elementor-element elementor-element-f7e8560 elementor-widget elementor-widget-heading\" data-id=\"f7e8560\" data-element_type=\"widget\" data-e-type=\"widget\" data-widget_type=\"heading.default\">\n\t\t\t\t<div class=\"elementor-widget-container\">\n\t\t\t\t\t<h3 class=\"elementor-heading-title elementor-size-default\">Le d\u00e9but de l'histoire<\/h3>\t\t\t\t<\/div>\n\t\t\t\t<\/div>\n\t\t\t\t<div class=\"elementor-element elementor-element-6f06abf elementor-widget elementor-widget-heading\" data-id=\"6f06abf\" data-element_type=\"widget\" data-e-type=\"widget\" data-widget_type=\"heading.default\">\n\t\t\t\t<div class=\"elementor-widget-container\">\n\t\t\t\t\t<h3 class=\"elementor-heading-title elementor-size-default\">La guerre et la p\u00e9riode d'apr\u00e8s-guerre<\/h3>\t\t\t\t<\/div>\n\t\t\t\t<\/div>\n\t\t\t\t<div class=\"elementor-element elementor-element-d3125e9 elementor-widget elementor-widget-text-editor\" data-id=\"d3125e9\" data-element_type=\"widget\" data-e-type=\"widget\" data-widget_type=\"text-editor.default\">\n\t\t\t\t<div class=\"elementor-widget-container\">\n\t\t\t\t\t\t\t\t\t<p>Giuseppe Ferro Sr. s&rsquo;effor\u00e7ait de d\u00e9velopper l&rsquo;entreprise. Mais il n&rsquo;avait pas anticip\u00e9 la guerre, qui an\u00e9antit ses espoirs et d\u00e9truisit l&rsquo;usine le 13 octobre 1943. Il ne ressentait plus de courage, seulement de la douleur, du d\u00e9sespoir et de la peur. Son \u00e9nergie s&rsquo;\u00e9teignit. La reconstruction d&rsquo;apr\u00e8s-guerre fut lente, exigeant patience et t\u00e9nacit\u00e9, mais Giuseppe sut attendre.<\/p><p>Au moment opportun, il racheta les machines d&rsquo;une usine d\u00e9saffect\u00e9e, relan\u00e7a la production et, en quelques ann\u00e9es, augmenta le chiffre d&rsquo;affaires et les effectifs. La Chambre de commerce de Campobasso le distingua pour son r\u00f4le actif dans la reconstruction d&rsquo;apr\u00e8s-guerre et pour avoir b\u00e2ti une entreprise florissante qui investissait dans les nouvelles technologies.<\/p>\t\t\t\t\t\t\t\t<\/div>\n\t\t\t\t<\/div>\n\t\t\t\t<div class=\"elementor-element elementor-element-1aadb84 elementor-widget elementor-widget-text-editor\" data-id=\"1aadb84\" data-element_type=\"widget\" data-e-type=\"widget\" data-widget_type=\"text-editor.default\">\n\t\t\t\t<div class=\"elementor-widget-container\">\n\t\t\t\t\t\t\t\t\t<p>C\u2019est l\u2019engagement des entrepreneurs qui construisent avec une vision \u00e9clair\u00e9e.<\/p>\t\t\t\t\t\t\t\t<\/div>\n\t\t\t\t<\/div>\n\t\t\t\t<div class=\"elementor-element elementor-element-1a7e7d8 elementor-widget elementor-widget-text-editor\" data-id=\"1a7e7d8\" data-element_type=\"widget\" data-e-type=\"widget\" data-widget_type=\"text-editor.default\">\n\t\t\t\t<div class=\"elementor-widget-container\">\n\t\t\t\t\t\t\t\t\t<p>Aux alentours de 1972, la barre passa entre les mains de Domenico et Vincenzo, charg\u00e9s de consolider \u2013 chacun selon ses propres aptitudes \u2013 ce que les g\u00e9n\u00e9rations pr\u00e9c\u00e9dentes avaient b\u00e2ti.<\/p>\t\t\t\t\t\t\t\t<\/div>\n\t\t\t\t<\/div>\n\t\t\t\t<div class=\"elementor-element elementor-element-519ee8e elementor-widget elementor-widget-text-editor\" data-id=\"519ee8e\" data-element_type=\"widget\" data-e-type=\"widget\" data-widget_type=\"text-editor.default\">\n\t\t\t\t<div class=\"elementor-widget-container\">\n\t\t\t\t\t\t\t\t\t<p>Au d\u00e9but des ann\u00e9es 1900, Domenico Ferro fit preuve de courage et choisit de quitter la Campanie et son entreprise plut\u00f4t que de se soumettre \u00e0 la Mafia et de payer un racket. Il opta pour le Molise, une r\u00e9gion qui lui \u00e9tait inconnue, hormis la g\u00e9n\u00e9rosit\u00e9 et la puret\u00e9 de sa nature. Quelques ann\u00e9es plus tard, en 1910, il inaugura le premier moulin \u00e0 palmiers.<\/p>\t\t\t\t\t\t\t\t<\/div>\n\t\t\t\t<\/div>\n\t\t\t\t<\/div>\n\t\t\t\t\t<\/div>\n\t\t\t\t<\/div>\n\t\t<div class=\"elementor-element elementor-element-122ea8d e-flex e-con-boxed e-con e-parent\" data-id=\"122ea8d\" data-element_type=\"container\" data-e-type=\"container\">\n\t\t\t\t\t<div class=\"e-con-inner\">\n\t\t<div class=\"elementor-element elementor-element-b9a1bd9 e-con-full e-flex e-con e-child\" data-id=\"b9a1bd9\" data-element_type=\"container\" data-e-type=\"container\">\n\t\t\t\t<div class=\"elementor-element elementor-element-c4ea87b elementor-widget elementor-widget-heading\" data-id=\"c4ea87b\" data-element_type=\"widget\" data-e-type=\"widget\" data-widget_type=\"heading.default\">\n\t\t\t\t<div class=\"elementor-widget-container\">\n\t\t\t\t\t<h3 class=\"elementor-heading-title elementor-size-default\">Les racines de ceux qui restent<\/h3>\t\t\t\t<\/div>\n\t\t\t\t<\/div>\n\t\t\t\t<div class=\"elementor-element elementor-element-228b84b elementor-widget elementor-widget-heading\" data-id=\"228b84b\" data-element_type=\"widget\" data-e-type=\"widget\" data-widget_type=\"heading.default\">\n\t\t\t\t<div class=\"elementor-widget-container\">\n\t\t\t\t\t<h3 class=\"elementor-heading-title elementor-size-default\">Vision et formation<\/h3>\t\t\t\t<\/div>\n\t\t\t\t<\/div>\n\t\t\t\t<div class=\"elementor-element elementor-element-1b36aff elementor-widget elementor-widget-text-editor\" data-id=\"1b36aff\" data-element_type=\"widget\" data-e-type=\"widget\" data-widget_type=\"text-editor.default\">\n\t\t\t\t<div class=\"elementor-widget-container\">\n\t\t\t\t\t\t\t\t\t<p>Vincenzo s&rsquo;est vu confier la mission de perp\u00e9tuer, par ses \u00e9tudes d&rsquo;\u00e9conomie, la riche exp\u00e9rience acquise dans ce domaine par son p\u00e8re et son grand-p\u00e8re. Il \u00e9tudiait le soir et obtint son dipl\u00f4me \u00e0 Naples tout en travaillant \u00e0 l&rsquo;usine le jour, convaincu que seul le d\u00e9veloppement de ses comp\u00e9tences garantirait l&rsquo;avenir de l&rsquo;entreprise.<\/p>\t\t\t\t\t\t\t\t<\/div>\n\t\t\t\t<\/div>\n\t\t\t\t<div class=\"elementor-element elementor-element-802d4b8 elementor-widget elementor-widget-heading\" data-id=\"802d4b8\" data-element_type=\"widget\" data-e-type=\"widget\" data-widget_type=\"heading.default\">\n\t\t\t\t<div class=\"elementor-widget-container\">\n\t\t\t\t\t<h3 class=\"elementor-heading-title elementor-size-default\">Cr\u00e9ation de \"F.lli Ferro Semolerie Molisane Snc\".<\/h3>\t\t\t\t<\/div>\n\t\t\t\t<\/div>\n\t\t\t\t<div class=\"elementor-element elementor-element-0d82fca elementor-widget elementor-widget-text-editor\" data-id=\"0d82fca\" data-element_type=\"widget\" data-e-type=\"widget\" data-widget_type=\"text-editor.default\">\n\t\t\t\t<div class=\"elementor-widget-container\">\n\t\t\t\t\t\t\t\t\t<p>Bient\u00f4t, les deux fr\u00e8res, s&rsquo;appuyant sur l&rsquo;h\u00e9ritage de leur p\u00e8re, projet\u00e8rent de transf\u00e9rer la minoterie \u00e0 son nouvel emplacement \u00e0 Ripalimosani. En 1972, ils fond\u00e8rent \u00ab F.lli Ferro \u2013 Semolerie Molisane snc \u00bb, aujourd&rsquo;hui soci\u00e9t\u00e9 par actions, et mirent en place une usine moderne et \u00e9cologique d&rsquo;une capacit\u00e9 de production journali\u00e8re de 220 tonnes, enti\u00e8rement construite avec la technologie B\u00fchler.<\/p><p>Face \u00e0 ce besoin urgent, la famille d\u00e9cida d&rsquo;acqu\u00e9rir la fabrique de p\u00e2tes La Molisana. Dans une Italie meurtrie et souffrante, ils r\u00eavaient de devenir un exemple de vertu, un exemple de d\u00e9termination capable de surmonter les situations les plus d\u00e9favorables.<\/p>\t\t\t\t\t\t\t\t<\/div>\n\t\t\t\t<\/div>\n\t\t\t\t<\/div>\n\t\t<div class=\"elementor-element elementor-element-d171ccc e-con-full e-flex e-con e-child\" data-id=\"d171ccc\" data-element_type=\"container\" data-e-type=\"container\">\n\t\t<div class=\"elementor-element elementor-element-a78c16c e-con-full e-flex e-con e-child\" data-id=\"a78c16c\" data-element_type=\"container\" data-e-type=\"container\" data-settings=\"{&quot;background_background&quot;:&quot;classic&quot;}\">\n\t\t\t\t<\/div>\n\t\t\t\t<\/div>\n\t\t\t\t\t<\/div>\n\t\t\t\t<\/div>\n\t\t<div class=\"elementor-element elementor-element-5613087 e-flex e-con-boxed e-con e-parent\" data-id=\"5613087\" data-element_type=\"container\" data-e-type=\"container\">\n\t\t\t\t\t<div class=\"e-con-inner\">\n\t\t<div class=\"elementor-element elementor-element-1e93cb2 e-con-full e-flex e-con e-child\" data-id=\"1e93cb2\" data-element_type=\"container\" data-e-type=\"container\">\n\t\t<div class=\"elementor-element elementor-element-8a35fb8 e-con-full e-flex e-con e-child\" data-id=\"8a35fb8\" data-element_type=\"container\" data-e-type=\"container\" data-settings=\"{&quot;background_background&quot;:&quot;classic&quot;}\">\n\t\t\t\t<\/div>\n\t\t\t\t<\/div>\n\t\t<div class=\"elementor-element elementor-element-7a2abfd e-con-full e-flex e-con e-child\" data-id=\"7a2abfd\" data-element_type=\"container\" data-e-type=\"container\">\n\t\t\t\t<div class=\"elementor-element elementor-element-c815207 elementor-widget elementor-widget-heading\" data-id=\"c815207\" data-element_type=\"widget\" data-e-type=\"widget\" data-widget_type=\"heading.default\">\n\t\t\t\t<div class=\"elementor-widget-container\">\n\t\t\t\t\t<h3 class=\"elementor-heading-title elementor-size-default\">Un r\u00eave familial<\/h3>\t\t\t\t<\/div>\n\t\t\t\t<\/div>\n\t\t\t\t<div class=\"elementor-element elementor-element-c5b84cf elementor-widget elementor-widget-text-editor\" data-id=\"c5b84cf\" data-element_type=\"widget\" data-e-type=\"widget\" data-widget_type=\"text-editor.default\">\n\t\t\t\t<div class=\"elementor-widget-container\">\n\t\t\t\t\t\t\t\t\t<p>En 2011, Giuseppe Ferro Jr. nourrissait un r\u00eave qu&rsquo;il partageait avec Flavio, Rossella et Francesco\u00a0: acqu\u00e9rir la fabrique de p\u00e2tes historique La Molisana. Pourquoi\u00a0?<\/p>\t\t\t\t\t\t\t\t<\/div>\n\t\t\t\t<\/div>\n\t\t\t\t<div class=\"elementor-element elementor-element-710f9b8 elementor-widget elementor-widget-heading\" data-id=\"710f9b8\" data-element_type=\"widget\" data-e-type=\"widget\" data-widget_type=\"heading.default\">\n\t\t\t\t<div class=\"elementor-widget-container\">\n\t\t\t\t\t<h3 class=\"elementor-heading-title elementor-size-default\">L'\u00e9quipe. L'ingr\u00e9dient secret.<\/h3>\t\t\t\t<\/div>\n\t\t\t\t<\/div>\n\t\t\t\t<div class=\"elementor-element elementor-element-e4878c5 elementor-widget elementor-widget-text-editor\" data-id=\"e4878c5\" data-element_type=\"widget\" data-e-type=\"widget\" data-widget_type=\"text-editor.default\">\n\t\t\t\t<div class=\"elementor-widget-container\">\n\t\t\t\t\t\t\t\t\t<p>Le secret\u00a0? Une \u00e9quipe solide pour relever les d\u00e9fis du march\u00e9 et cr\u00e9er un v\u00e9ritable impact, une valeur ajout\u00e9e unique. Si les technologies actuelles peuvent simuler la qualit\u00e9 et reproduire des mod\u00e8les \u00e0 succ\u00e8s emprunt\u00e9s \u00e0 d\u2019autres, elles ne peuvent susciter la passion, la fid\u00e9lit\u00e9 \u00e0 l\u2019entreprise, le sentiment d\u2019appartenance et la r\u00e9silience.<\/p>\t\t\t\t\t\t\t\t<\/div>\n\t\t\t\t<\/div>\n\t\t\t\t<div class=\"elementor-element elementor-element-3c67426 elementor-widget elementor-widget-text-editor\" data-id=\"3c67426\" data-element_type=\"widget\" data-e-type=\"widget\" data-widget_type=\"text-editor.default\">\n\t\t\t\t<div class=\"elementor-widget-container\">\n\t\t\t\t\t\t\t\t\t<p>Avec ces c\u0153urs pleins de volont\u00e9 et un esprit tenace et insatiable, La Molisana prit la mer.<\/p>\t\t\t\t\t\t\t\t<\/div>\n\t\t\t\t<\/div>\n\t\t\t\t<div class=\"elementor-element elementor-element-ed70b2d elementor-widget elementor-widget-text-editor\" data-id=\"ed70b2d\" data-element_type=\"widget\" data-e-type=\"widget\" data-widget_type=\"text-editor.default\">\n\t\t\t\t<div class=\"elementor-widget-container\">\n\t\t\t\t\t\t\t\t\t<p>Les motivations ne sont que partiellement rationnelles : g\u00e9rer directement l&rsquo;ensemble de la cha\u00eene d&rsquo;approvisionnement int\u00e9gr\u00e9e des p\u00e2tes, \u00eatre les auteurs du relancement d&rsquo;une marque historique, cr\u00e9er de nouveaux emplois, mais la raison sous-jacente pour laquelle la famille Ferro a accept\u00e9 le d\u00e9fi \u00e9tait le d\u00e9sir d&rsquo;offrir au Molise une chance de revitalisation.<\/p>\t\t\t\t\t\t\t\t<\/div>\n\t\t\t\t<\/div>\n\t\t\t\t<\/div>\n\t\t\t\t\t<\/div>\n\t\t\t\t<\/div>\n\t\t\t\t<\/div>\n\t\t","protected":false},"excerpt":{"rendered":"<p>Accueil Qui sommes-nous Esprit tenace Notre histoire Courage, racines, t\u00e9nacit\u00e9. \u00ab Avoir \u00e9t\u00e9 est une condition de l&rsquo;\u00eatre. \u00bb Fernand Braudel Le d\u00e9but de l&rsquo;histoire La guerre et la p\u00e9riode d&rsquo;apr\u00e8s-guerre Giuseppe Ferro Sr. s&rsquo;effor\u00e7ait de d\u00e9velopper l&rsquo;entreprise. Mais il n&rsquo;avait pas anticip\u00e9 la guerre, qui an\u00e9antit ses espoirs et d\u00e9truisit l&rsquo;usine le 13 octobre [&hellip;]<\/p>\n","protected":false},"author":1,"featured_media":0,"parent":105340,"menu_order":0,"comment_status":"closed","ping_status":"closed","template":"elementor_header_footer","meta":{"_acf_changed":false,"yasr_overall_rating":0,"yasr_post_is_review":"","yasr_auto_insert_disabled":"","yasr_review_type":"","footnotes":""},"class_list":["post-105357","page","type-page","status-publish","hentry"],"acf":[],"yasr_visitor_votes":{"stars_attributes":{"read_only":false,"span_bottom":false},"number_of_votes":0,"sum_votes":0},"_links":{"self":[{"href":"https:\/\/www.lamolisana.it\/fr\/wp-json\/wp\/v2\/pages\/105357","targetHints":{"allow":["GET"]}}],"collection":[{"href":"https:\/\/www.lamolisana.it\/fr\/wp-json\/wp\/v2\/pages"}],"about":[{"href":"https:\/\/www.lamolisana.it\/fr\/wp-json\/wp\/v2\/types\/page"}],"author":[{"embeddable":true,"href":"https:\/\/www.lamolisana.it\/fr\/wp-json\/wp\/v2\/users\/1"}],"replies":[{"embeddable":true,"href":"https:\/\/www.lamolisana.it\/fr\/wp-json\/wp\/v2\/comments?post=105357"}],"version-history":[{"count":3,"href":"https:\/\/www.lamolisana.it\/fr\/wp-json\/wp\/v2\/pages\/105357\/revisions"}],"predecessor-version":[{"id":105873,"href":"https:\/\/www.lamolisana.it\/fr\/wp-json\/wp\/v2\/pages\/105357\/revisions\/105873"}],"up":[{"embeddable":true,"href":"https:\/\/www.lamolisana.it\/fr\/wp-json\/wp\/v2\/pages\/105340"}],"wp:attachment":[{"href":"https:\/\/www.lamolisana.it\/fr\/wp-json\/wp\/v2\/media?parent=105357"}],"curies":[{"name":"wp","href":"https:\/\/api.w.org\/{rel}","templated":true}]}}