{"id":105414,"date":"2021-05-28T12:28:13","date_gmt":"2021-05-28T10:28:13","guid":{"rendered":"https:\/\/www.lamolisana.it\/qui-sommes-nous\/comunicazione\/"},"modified":"2026-02-20T11:42:55","modified_gmt":"2026-02-20T10:42:55","slug":"publicite","status":"publish","type":"page","link":"https:\/\/www.lamolisana.it\/fr\/qui-sommes-nous\/publicite\/","title":{"rendered":"Publicit\u00e9"},"content":{"rendered":"\t\t<div data-elementor-type=\"wp-page\" data-elementor-id=\"105414\" class=\"elementor elementor-105414 elementor-5470\" data-elementor-post-type=\"page\">\n\t\t\t\t<div class=\"elementor-element elementor-element-dd35927 e-flex e-con-boxed e-con e-parent\" data-id=\"dd35927\" data-element_type=\"container\" data-e-type=\"container\">\n\t\t\t\t\t<div class=\"e-con-inner\">\n\t\t<div class=\"elementor-element elementor-element-b52ce05 e-con-full e-flex e-con e-child\" data-id=\"b52ce05\" data-element_type=\"container\" data-e-type=\"container\">\n\t\t\t\t<div class=\"elementor-element elementor-element-d9ad656 elementor-icon-list--layout-inline elementor-list-item-link-full_width elementor-widget elementor-widget-icon-list\" data-id=\"d9ad656\" data-element_type=\"widget\" data-e-type=\"widget\" data-widget_type=\"icon-list.default\">\n\t\t\t\t<div class=\"elementor-widget-container\">\n\t\t\t\t\t\t\t<ul class=\"elementor-icon-list-items elementor-inline-items\">\n\t\t\t\t\t\t\t<li class=\"elementor-icon-list-item elementor-inline-item\">\n\t\t\t\t\t\t\t\t\t\t\t<a href=\"https:\/\/www.lamolisana.it\/fr\/\">\n\n\t\t\t\t\t\t\t\t\t\t\t\t<span class=\"elementor-icon-list-icon\">\n\t\t\t\t\t\t\t<i aria-hidden=\"true\" class=\"fas fa-chevron-right\"><\/i>\t\t\t\t\t\t<\/span>\n\t\t\t\t\t\t\t\t\t\t<span class=\"elementor-icon-list-text\">Accueil<\/span>\n\t\t\t\t\t\t\t\t\t\t\t<\/a>\n\t\t\t\t\t\t\t\t\t<\/li>\n\t\t\t\t\t\t\t\t<li class=\"elementor-icon-list-item elementor-inline-item\">\n\t\t\t\t\t\t\t\t\t\t\t<a href=\"https:\/\/www.lamolisana.it\/fr\/qui-sommes-nous\/\">\n\n\t\t\t\t\t\t\t\t\t\t\t\t<span class=\"elementor-icon-list-icon\">\n\t\t\t\t\t\t\t<i aria-hidden=\"true\" class=\"fas fa-chevron-right\"><\/i>\t\t\t\t\t\t<\/span>\n\t\t\t\t\t\t\t\t\t\t<span class=\"elementor-icon-list-text\">Qui sommes-nous<\/span>\n\t\t\t\t\t\t\t\t\t\t\t<\/a>\n\t\t\t\t\t\t\t\t\t<\/li>\n\t\t\t\t\t\t<\/ul>\n\t\t\t\t\t\t<\/div>\n\t\t\t\t<\/div>\n\t\t\t\t<div class=\"elementor-element elementor-element-12f264f elementor-widget elementor-widget-heading\" data-id=\"12f264f\" data-element_type=\"widget\" data-e-type=\"widget\" data-widget_type=\"heading.default\">\n\t\t\t\t<div class=\"elementor-widget-container\">\n\t\t\t\t\t<h1 class=\"elementor-heading-title elementor-size-default\">Publicit\u00e9<\/h1>\t\t\t\t<\/div>\n\t\t\t\t<\/div>\n\t\t\t\t<div class=\"elementor-element elementor-element-6411915 elementor-widget elementor-widget-heading\" data-id=\"6411915\" data-element_type=\"widget\" data-e-type=\"widget\" data-widget_type=\"heading.default\">\n\t\t\t\t<div class=\"elementor-widget-container\">\n\t\t\t\t\t<h2 class=\"elementor-heading-title elementor-size-default\">Notre histoire en images.<\/h2>\t\t\t\t<\/div>\n\t\t\t\t<\/div>\n\t\t\t\t<div class=\"elementor-element elementor-element-396a2c9 elementor-widget elementor-widget-text-editor\" data-id=\"396a2c9\" data-element_type=\"widget\" data-e-type=\"widget\" data-widget_type=\"text-editor.default\">\n\t\t\t\t<div class=\"elementor-widget-container\">\n\t\t\t\t\t\t\t\t\t<p>Quand l&rsquo;art de la communication rencontre la passion des p\u00e2tes, des projets uniques voient le jour. Plongez dans l&rsquo;univers cr\u00e9atif de La Molisana et d\u00e9couvrez comment nous traduisons en images et en contenus les valeurs qui nous ont toujours guid\u00e9s vers l&rsquo;excellence.<\/p>\t\t\t\t\t\t\t\t<\/div>\n\t\t\t\t<\/div>\n\t\t\t\t<\/div>\n\t\t\t\t\t<\/div>\n\t\t\t\t<\/div>\n\t\t<div class=\"elementor-element elementor-element-185a2cb e-flex e-con-boxed e-con e-parent\" data-id=\"185a2cb\" data-element_type=\"container\" data-e-type=\"container\">\n\t\t\t\t\t<div class=\"e-con-inner\">\n\t\t<div class=\"elementor-element elementor-element-f8a18d0 e-con-full e-flex e-con e-child\" data-id=\"f8a18d0\" data-element_type=\"container\" data-e-type=\"container\">\n\t\t\t\t<div class=\"elementor-element elementor-element-3e4b0c1 elementor-widget elementor-widget-gallery\" data-id=\"3e4b0c1\" data-element_type=\"widget\" data-e-type=\"widget\" data-settings=\"{&quot;gallery_layout&quot;:&quot;masonry&quot;,&quot;columns&quot;:3,&quot;gap&quot;:{&quot;unit&quot;:&quot;px&quot;,&quot;size&quot;:5,&quot;sizes&quot;:[]},&quot;lazyload&quot;:&quot;yes&quot;,&quot;columns_tablet&quot;:2,&quot;columns_mobile&quot;:1,&quot;gap_widescreen&quot;:{&quot;unit&quot;:&quot;px&quot;,&quot;size&quot;:&quot;&quot;,&quot;sizes&quot;:[]},&quot;gap_laptop&quot;:{&quot;unit&quot;:&quot;px&quot;,&quot;size&quot;:10,&quot;sizes&quot;:[]},&quot;gap_tablet_extra&quot;:{&quot;unit&quot;:&quot;px&quot;,&quot;size&quot;:10,&quot;sizes&quot;:[]},&quot;gap_tablet&quot;:{&quot;unit&quot;:&quot;px&quot;,&quot;size&quot;:10,&quot;sizes&quot;:[]},&quot;gap_mobile_extra&quot;:{&quot;unit&quot;:&quot;px&quot;,&quot;size&quot;:10,&quot;sizes&quot;:[]},&quot;gap_mobile&quot;:{&quot;unit&quot;:&quot;px&quot;,&quot;size&quot;:10,&quot;sizes&quot;:[]},&quot;link_to&quot;:&quot;file&quot;,&quot;overlay_background&quot;:&quot;yes&quot;,&quot;content_hover_animation&quot;:&quot;fade-in&quot;}\" data-widget_type=\"gallery.default\">\n\t\t\t\t<div class=\"elementor-widget-container\">\n\t\t\t\t\t\t\t<div class=\"elementor-gallery__container\">\n\t\t\t\t\t\t\t<a class=\"e-gallery-item elementor-gallery-item elementor-animated-content\" href=\"https:\/\/www.lamolisana.it\/wp-content\/uploads\/2021\/05\/adv-100anni.jpg\" data-elementor-open-lightbox=\"yes\" data-elementor-lightbox-slideshow=\"3e4b0c1\" data-elementor-lightbox-title=\"adv-100anni\" data-e-action-hash=\"#elementor-action%3Aaction%3Dlightbox%26settings%3DeyJpZCI6MjI5ODgsInVybCI6Imh0dHBzOlwvXC93d3cubGFtb2xpc2FuYS5pdFwvd3AtY29udGVudFwvdXBsb2Fkc1wvMjAyMVwvMDVcL2Fkdi0xMDBhbm5pLmpwZyIsInNsaWRlc2hvdyI6IjNlNGIwYzEifQ%3D%3D\">\n\t\t\t\t\t<div class=\"e-gallery-image elementor-gallery-item__image\" data-thumbnail=\"https:\/\/www.lamolisana.it\/wp-content\/uploads\/2021\/05\/adv-100anni.jpg\" data-width=\"800\" data-height=\"1120\" aria-label=\"\" role=\"img\" ><\/div>\n\t\t\t\t\t\t\t\t\t\t\t<div class=\"elementor-gallery-item__overlay\"><\/div>\n\t\t\t\t\t\t\t\t\t\t\t\t\t\t<\/a>\n\t\t\t\t\t\t\t<a class=\"e-gallery-item elementor-gallery-item elementor-animated-content\" href=\"https:\/\/www.lamolisana.it\/wp-content\/uploads\/2021\/05\/adv-classica-2019.jpg\" data-elementor-open-lightbox=\"yes\" data-elementor-lightbox-slideshow=\"3e4b0c1\" data-elementor-lightbox-title=\"adv-classica-2019\" data-e-action-hash=\"#elementor-action%3Aaction%3Dlightbox%26settings%3DeyJpZCI6MjI5OTAsInVybCI6Imh0dHBzOlwvXC93d3cubGFtb2xpc2FuYS5pdFwvd3AtY29udGVudFwvdXBsb2Fkc1wvMjAyMVwvMDVcL2Fkdi1jbGFzc2ljYS0yMDE5LmpwZyIsInNsaWRlc2hvdyI6IjNlNGIwYzEifQ%3D%3D\">\n\t\t\t\t\t<div class=\"e-gallery-image elementor-gallery-item__image\" data-thumbnail=\"https:\/\/www.lamolisana.it\/wp-content\/uploads\/2021\/05\/adv-classica-2019.jpg\" data-width=\"800\" data-height=\"1120\" aria-label=\"\" role=\"img\" ><\/div>\n\t\t\t\t\t\t\t\t\t\t\t<div class=\"elementor-gallery-item__overlay\"><\/div>\n\t\t\t\t\t\t\t\t\t\t\t\t\t\t<\/a>\n\t\t\t\t\t\t\t<a class=\"e-gallery-item elementor-gallery-item elementor-animated-content\" href=\"https:\/\/www.lamolisana.it\/wp-content\/uploads\/2021\/05\/adv-corona.jpg\" data-elementor-open-lightbox=\"yes\" data-elementor-lightbox-slideshow=\"3e4b0c1\" data-elementor-lightbox-title=\"adv-corona\" data-e-action-hash=\"#elementor-action%3Aaction%3Dlightbox%26settings%3DeyJpZCI6MjI5OTIsInVybCI6Imh0dHBzOlwvXC93d3cubGFtb2xpc2FuYS5pdFwvd3AtY29udGVudFwvdXBsb2Fkc1wvMjAyMVwvMDVcL2Fkdi1jb3JvbmEuanBnIiwic2xpZGVzaG93IjoiM2U0YjBjMSJ9\">\n\t\t\t\t\t<div class=\"e-gallery-image elementor-gallery-item__image\" data-thumbnail=\"https:\/\/www.lamolisana.it\/wp-content\/uploads\/2021\/05\/adv-corona.jpg\" data-width=\"800\" data-height=\"1120\" aria-label=\"\" role=\"img\" ><\/div>\n\t\t\t\t\t\t\t\t\t\t\t<div class=\"elementor-gallery-item__overlay\"><\/div>\n\t\t\t\t\t\t\t\t\t\t\t\t\t\t<\/a>\n\t\t\t\t\t\t\t<a class=\"e-gallery-item elementor-gallery-item elementor-animated-content\" href=\"https:\/\/www.lamolisana.it\/wp-content\/uploads\/2021\/05\/adv-golf.jpg\" data-elementor-open-lightbox=\"yes\" data-elementor-lightbox-slideshow=\"3e4b0c1\" data-elementor-lightbox-title=\"adv-golf\" data-e-action-hash=\"#elementor-action%3Aaction%3Dlightbox%26settings%3DeyJpZCI6MjI5OTQsInVybCI6Imh0dHBzOlwvXC93d3cubGFtb2xpc2FuYS5pdFwvd3AtY29udGVudFwvdXBsb2Fkc1wvMjAyMVwvMDVcL2Fkdi1nb2xmLmpwZyIsInNsaWRlc2hvdyI6IjNlNGIwYzEifQ%3D%3D\">\n\t\t\t\t\t<div class=\"e-gallery-image elementor-gallery-item__image\" data-thumbnail=\"https:\/\/www.lamolisana.it\/wp-content\/uploads\/2021\/05\/adv-golf.jpg\" data-width=\"800\" data-height=\"1120\" aria-label=\"\" role=\"img\" ><\/div>\n\t\t\t\t\t\t\t\t\t\t\t<div class=\"elementor-gallery-item__overlay\"><\/div>\n\t\t\t\t\t\t\t\t\t\t\t\t\t\t<\/a>\n\t\t\t\t\t\t\t<a class=\"e-gallery-item elementor-gallery-item elementor-animated-content\" href=\"https:\/\/www.lamolisana.it\/wp-content\/uploads\/2021\/05\/adv-integrale-new.jpg\" data-elementor-open-lightbox=\"yes\" data-elementor-lightbox-slideshow=\"3e4b0c1\" data-elementor-lightbox-title=\"adv-integrale-new\" data-e-action-hash=\"#elementor-action%3Aaction%3Dlightbox%26settings%3DeyJpZCI6MjI5OTYsInVybCI6Imh0dHBzOlwvXC93d3cubGFtb2xpc2FuYS5pdFwvd3AtY29udGVudFwvdXBsb2Fkc1wvMjAyMVwvMDVcL2Fkdi1pbnRlZ3JhbGUtbmV3LmpwZyIsInNsaWRlc2hvdyI6IjNlNGIwYzEifQ%3D%3D\">\n\t\t\t\t\t<div class=\"e-gallery-image elementor-gallery-item__image\" data-thumbnail=\"https:\/\/www.lamolisana.it\/wp-content\/uploads\/2021\/05\/adv-integrale-new.jpg\" data-width=\"800\" data-height=\"1120\" aria-label=\"\" role=\"img\" ><\/div>\n\t\t\t\t\t\t\t\t\t\t\t<div class=\"elementor-gallery-item__overlay\"><\/div>\n\t\t\t\t\t\t\t\t\t\t\t\t\t\t<\/a>\n\t\t\t\t\t\t\t<a class=\"e-gallery-item elementor-gallery-item elementor-animated-content\" href=\"https:\/\/www.lamolisana.it\/wp-content\/uploads\/2021\/05\/adv-milano.jpg\" data-elementor-open-lightbox=\"yes\" data-elementor-lightbox-slideshow=\"3e4b0c1\" data-elementor-lightbox-title=\"adv-milano\" data-e-action-hash=\"#elementor-action%3Aaction%3Dlightbox%26settings%3DeyJpZCI6MjI5OTgsInVybCI6Imh0dHBzOlwvXC93d3cubGFtb2xpc2FuYS5pdFwvd3AtY29udGVudFwvdXBsb2Fkc1wvMjAyMVwvMDVcL2Fkdi1taWxhbm8uanBnIiwic2xpZGVzaG93IjoiM2U0YjBjMSJ9\">\n\t\t\t\t\t<div class=\"e-gallery-image elementor-gallery-item__image\" data-thumbnail=\"https:\/\/www.lamolisana.it\/wp-content\/uploads\/2021\/05\/adv-milano.jpg\" data-width=\"800\" data-height=\"1120\" aria-label=\"\" role=\"img\" ><\/div>\n\t\t\t\t\t\t\t\t\t\t\t<div class=\"elementor-gallery-item__overlay\"><\/div>\n\t\t\t\t\t\t\t\t\t\t\t\t\t\t<\/a>\n\t\t\t\t\t\t\t<a class=\"e-gallery-item elementor-gallery-item elementor-animated-content\" href=\"https:\/\/www.lamolisana.it\/wp-content\/uploads\/2021\/05\/adv-nota.jpg\" data-elementor-open-lightbox=\"yes\" data-elementor-lightbox-slideshow=\"3e4b0c1\" data-elementor-lightbox-title=\"adv-nota\" data-e-action-hash=\"#elementor-action%3Aaction%3Dlightbox%26settings%3DeyJpZCI6MjMwMDAsInVybCI6Imh0dHBzOlwvXC93d3cubGFtb2xpc2FuYS5pdFwvd3AtY29udGVudFwvdXBsb2Fkc1wvMjAyMVwvMDVcL2Fkdi1ub3RhLmpwZyIsInNsaWRlc2hvdyI6IjNlNGIwYzEifQ%3D%3D\">\n\t\t\t\t\t<div class=\"e-gallery-image elementor-gallery-item__image\" data-thumbnail=\"https:\/\/www.lamolisana.it\/wp-content\/uploads\/2021\/05\/adv-nota.jpg\" data-width=\"800\" data-height=\"1120\" aria-label=\"\" role=\"img\" ><\/div>\n\t\t\t\t\t\t\t\t\t\t\t<div class=\"elementor-gallery-item__overlay\"><\/div>\n\t\t\t\t\t\t\t\t\t\t\t\t\t\t<\/a>\n\t\t\t\t\t\t\t<a class=\"e-gallery-item elementor-gallery-item elementor-animated-content\" href=\"https:\/\/www.lamolisana.it\/wp-content\/uploads\/2021\/05\/adv-nuovopack.jpg\" data-elementor-open-lightbox=\"yes\" data-elementor-lightbox-slideshow=\"3e4b0c1\" data-elementor-lightbox-title=\"adv-nuovopack\" data-e-action-hash=\"#elementor-action%3Aaction%3Dlightbox%26settings%3DeyJpZCI6MjMwMDIsInVybCI6Imh0dHBzOlwvXC93d3cubGFtb2xpc2FuYS5pdFwvd3AtY29udGVudFwvdXBsb2Fkc1wvMjAyMVwvMDVcL2Fkdi1udW92b3BhY2suanBnIiwic2xpZGVzaG93IjoiM2U0YjBjMSJ9\">\n\t\t\t\t\t<div class=\"e-gallery-image elementor-gallery-item__image\" data-thumbnail=\"https:\/\/www.lamolisana.it\/wp-content\/uploads\/2021\/05\/adv-nuovopack.jpg\" data-width=\"800\" data-height=\"1120\" aria-label=\"\" role=\"img\" ><\/div>\n\t\t\t\t\t\t\t\t\t\t\t<div class=\"elementor-gallery-item__overlay\"><\/div>\n\t\t\t\t\t\t\t\t\t\t\t\t\t\t<\/a>\n\t\t\t\t\t\t\t<a class=\"e-gallery-item elementor-gallery-item elementor-animated-content\" href=\"https:\/\/www.lamolisana.it\/wp-content\/uploads\/2021\/05\/adv-sacco.jpg\" data-elementor-open-lightbox=\"yes\" data-elementor-lightbox-slideshow=\"3e4b0c1\" data-elementor-lightbox-title=\"adv-sacco\" data-e-action-hash=\"#elementor-action%3Aaction%3Dlightbox%26settings%3DeyJpZCI6MjMwMDQsInVybCI6Imh0dHBzOlwvXC93d3cubGFtb2xpc2FuYS5pdFwvd3AtY29udGVudFwvdXBsb2Fkc1wvMjAyMVwvMDVcL2Fkdi1zYWNjby5qcGciLCJzbGlkZXNob3ciOiIzZTRiMGMxIn0%3D\">\n\t\t\t\t\t<div class=\"e-gallery-image elementor-gallery-item__image\" data-thumbnail=\"https:\/\/www.lamolisana.it\/wp-content\/uploads\/2021\/05\/adv-sacco.jpg\" data-width=\"800\" data-height=\"1120\" aria-label=\"\" role=\"img\" ><\/div>\n\t\t\t\t\t\t\t\t\t\t\t<div class=\"elementor-gallery-item__overlay\"><\/div>\n\t\t\t\t\t\t\t\t\t\t\t\t\t\t<\/a>\n\t\t\t\t\t\t\t<a class=\"e-gallery-item elementor-gallery-item elementor-animated-content\" href=\"https:\/\/www.lamolisana.it\/wp-content\/uploads\/2021\/05\/adv-sartoria.jpg\" data-elementor-open-lightbox=\"yes\" data-elementor-lightbox-slideshow=\"3e4b0c1\" data-elementor-lightbox-title=\"adv-sartoria\" data-e-action-hash=\"#elementor-action%3Aaction%3Dlightbox%26settings%3DeyJpZCI6MjMwMDYsInVybCI6Imh0dHBzOlwvXC93d3cubGFtb2xpc2FuYS5pdFwvd3AtY29udGVudFwvdXBsb2Fkc1wvMjAyMVwvMDVcL2Fkdi1zYXJ0b3JpYS5qcGciLCJzbGlkZXNob3ciOiIzZTRiMGMxIn0%3D\">\n\t\t\t\t\t<div class=\"e-gallery-image elementor-gallery-item__image\" data-thumbnail=\"https:\/\/www.lamolisana.it\/wp-content\/uploads\/2021\/05\/adv-sartoria.jpg\" data-width=\"800\" data-height=\"1120\" aria-label=\"\" role=\"img\" ><\/div>\n\t\t\t\t\t\t\t\t\t\t\t<div class=\"elementor-gallery-item__overlay\"><\/div>\n\t\t\t\t\t\t\t\t\t\t\t\t\t\t<\/a>\n\t\t\t\t\t\t\t<a class=\"e-gallery-item elementor-gallery-item elementor-animated-content\" href=\"https:\/\/www.lamolisana.it\/wp-content\/uploads\/2021\/05\/adv-spaghettino.jpg\" data-elementor-open-lightbox=\"yes\" data-elementor-lightbox-slideshow=\"3e4b0c1\" data-elementor-lightbox-title=\"adv-spaghettino\" data-e-action-hash=\"#elementor-action%3Aaction%3Dlightbox%26settings%3DeyJpZCI6MjMwMDgsInVybCI6Imh0dHBzOlwvXC93d3cubGFtb2xpc2FuYS5pdFwvd3AtY29udGVudFwvdXBsb2Fkc1wvMjAyMVwvMDVcL2Fkdi1zcGFnaGV0dGluby5qcGciLCJzbGlkZXNob3ciOiIzZTRiMGMxIn0%3D\">\n\t\t\t\t\t<div class=\"e-gallery-image elementor-gallery-item__image\" data-thumbnail=\"https:\/\/www.lamolisana.it\/wp-content\/uploads\/2021\/05\/adv-spaghettino.jpg\" data-width=\"1120\" data-height=\"1120\" aria-label=\"\" role=\"img\" ><\/div>\n\t\t\t\t\t\t\t\t\t\t\t<div class=\"elementor-gallery-item__overlay\"><\/div>\n\t\t\t\t\t\t\t\t\t\t\t\t\t\t<\/a>\n\t\t\t\t\t\t\t<a class=\"e-gallery-item elementor-gallery-item elementor-animated-content\" href=\"https:\/\/www.lamolisana.it\/wp-content\/uploads\/2021\/05\/adv-spiga.jpg\" data-elementor-open-lightbox=\"yes\" data-elementor-lightbox-slideshow=\"3e4b0c1\" data-elementor-lightbox-title=\"adv-spiga\" data-e-action-hash=\"#elementor-action%3Aaction%3Dlightbox%26settings%3DeyJpZCI6MjMwMTAsInVybCI6Imh0dHBzOlwvXC93d3cubGFtb2xpc2FuYS5pdFwvd3AtY29udGVudFwvdXBsb2Fkc1wvMjAyMVwvMDVcL2Fkdi1zcGlnYS5qcGciLCJzbGlkZXNob3ciOiIzZTRiMGMxIn0%3D\">\n\t\t\t\t\t<div class=\"e-gallery-image elementor-gallery-item__image\" data-thumbnail=\"https:\/\/www.lamolisana.it\/wp-content\/uploads\/2021\/05\/adv-spiga.jpg\" data-width=\"800\" data-height=\"1120\" aria-label=\"\" role=\"img\" ><\/div>\n\t\t\t\t\t\t\t\t\t\t\t<div class=\"elementor-gallery-item__overlay\"><\/div>\n\t\t\t\t\t\t\t\t\t\t\t\t\t\t<\/a>\n\t\t\t\t\t\t\t<a class=\"e-gallery-item elementor-gallery-item elementor-animated-content\" href=\"https:\/\/www.lamolisana.it\/wp-content\/uploads\/2021\/05\/adv-spquadrato.jpg\" data-elementor-open-lightbox=\"yes\" data-elementor-lightbox-slideshow=\"3e4b0c1\" data-elementor-lightbox-title=\"adv-spquadrato\" data-e-action-hash=\"#elementor-action%3Aaction%3Dlightbox%26settings%3DeyJpZCI6MjMwMTIsInVybCI6Imh0dHBzOlwvXC93d3cubGFtb2xpc2FuYS5pdFwvd3AtY29udGVudFwvdXBsb2Fkc1wvMjAyMVwvMDVcL2Fkdi1zcHF1YWRyYXRvLmpwZyIsInNsaWRlc2hvdyI6IjNlNGIwYzEifQ%3D%3D\">\n\t\t\t\t\t<div class=\"e-gallery-image elementor-gallery-item__image\" data-thumbnail=\"https:\/\/www.lamolisana.it\/wp-content\/uploads\/2021\/05\/adv-spquadrato.jpg\" data-width=\"800\" data-height=\"1120\" aria-label=\"\" role=\"img\" ><\/div>\n\t\t\t\t\t\t\t\t\t\t\t<div class=\"elementor-gallery-item__overlay\"><\/div>\n\t\t\t\t\t\t\t\t\t\t\t\t\t\t<\/a>\n\t\t\t\t\t\t\t<a class=\"e-gallery-item elementor-gallery-item elementor-animated-content\" href=\"https:\/\/www.lamolisana.it\/wp-content\/uploads\/2021\/05\/adv-trivelle.jpg\" data-elementor-open-lightbox=\"yes\" data-elementor-lightbox-slideshow=\"3e4b0c1\" data-elementor-lightbox-title=\"adv-trivelle\" data-e-action-hash=\"#elementor-action%3Aaction%3Dlightbox%26settings%3DeyJpZCI6MjMwMTQsInVybCI6Imh0dHBzOlwvXC93d3cubGFtb2xpc2FuYS5pdFwvd3AtY29udGVudFwvdXBsb2Fkc1wvMjAyMVwvMDVcL2Fkdi10cml2ZWxsZS5qcGciLCJzbGlkZXNob3ciOiIzZTRiMGMxIn0%3D\">\n\t\t\t\t\t<div class=\"e-gallery-image elementor-gallery-item__image\" data-thumbnail=\"https:\/\/www.lamolisana.it\/wp-content\/uploads\/2021\/05\/adv-trivelle.jpg\" data-width=\"800\" data-height=\"1120\" aria-label=\"\" role=\"img\" ><\/div>\n\t\t\t\t\t\t\t\t\t\t\t<div class=\"elementor-gallery-item__overlay\"><\/div>\n\t\t\t\t\t\t\t\t\t\t\t\t\t\t<\/a>\n\t\t\t\t\t\t\t<a class=\"e-gallery-item elementor-gallery-item elementor-animated-content\" href=\"https:\/\/www.lamolisana.it\/wp-content\/uploads\/2021\/05\/sartoria-1.jpg\" data-elementor-open-lightbox=\"yes\" data-elementor-lightbox-slideshow=\"3e4b0c1\" data-elementor-lightbox-title=\"sartoria-1\" data-e-action-hash=\"#elementor-action%3Aaction%3Dlightbox%26settings%3DeyJpZCI6MjMwMTYsInVybCI6Imh0dHBzOlwvXC93d3cubGFtb2xpc2FuYS5pdFwvd3AtY29udGVudFwvdXBsb2Fkc1wvMjAyMVwvMDVcL3NhcnRvcmlhLTEuanBnIiwic2xpZGVzaG93IjoiM2U0YjBjMSJ9\">\n\t\t\t\t\t<div class=\"e-gallery-image elementor-gallery-item__image\" data-thumbnail=\"https:\/\/www.lamolisana.it\/wp-content\/uploads\/2021\/05\/sartoria-1.jpg\" data-width=\"800\" data-height=\"1120\" aria-label=\"\" role=\"img\" ><\/div>\n\t\t\t\t\t\t\t\t\t\t\t<div class=\"elementor-gallery-item__overlay\"><\/div>\n\t\t\t\t\t\t\t\t\t\t\t\t\t\t<\/a>\n\t\t\t\t\t\t\t<a class=\"e-gallery-item elementor-gallery-item elementor-animated-content\" href=\"https:\/\/www.lamolisana.it\/wp-content\/uploads\/2021\/05\/sartoria-2.jpg\" data-elementor-open-lightbox=\"yes\" data-elementor-lightbox-slideshow=\"3e4b0c1\" data-elementor-lightbox-title=\"sartoria-2\" data-e-action-hash=\"#elementor-action%3Aaction%3Dlightbox%26settings%3DeyJpZCI6MjMwMTgsInVybCI6Imh0dHBzOlwvXC93d3cubGFtb2xpc2FuYS5pdFwvd3AtY29udGVudFwvdXBsb2Fkc1wvMjAyMVwvMDVcL3NhcnRvcmlhLTIuanBnIiwic2xpZGVzaG93IjoiM2U0YjBjMSJ9\">\n\t\t\t\t\t<div class=\"e-gallery-image elementor-gallery-item__image\" data-thumbnail=\"https:\/\/www.lamolisana.it\/wp-content\/uploads\/2021\/05\/sartoria-2.jpg\" data-width=\"800\" data-height=\"1120\" aria-label=\"\" role=\"img\" ><\/div>\n\t\t\t\t\t\t\t\t\t\t\t<div class=\"elementor-gallery-item__overlay\"><\/div>\n\t\t\t\t\t\t\t\t\t\t\t\t\t\t<\/a>\n\t\t\t\t\t\t\t<a class=\"e-gallery-item elementor-gallery-item elementor-animated-content\" href=\"https:\/\/www.lamolisana.it\/wp-content\/uploads\/2021\/05\/sartoria-3.jpg\" data-elementor-open-lightbox=\"yes\" data-elementor-lightbox-slideshow=\"3e4b0c1\" data-elementor-lightbox-title=\"sartoria-3\" data-e-action-hash=\"#elementor-action%3Aaction%3Dlightbox%26settings%3DeyJpZCI6MjMwMjAsInVybCI6Imh0dHBzOlwvXC93d3cubGFtb2xpc2FuYS5pdFwvd3AtY29udGVudFwvdXBsb2Fkc1wvMjAyMVwvMDVcL3NhcnRvcmlhLTMuanBnIiwic2xpZGVzaG93IjoiM2U0YjBjMSJ9\">\n\t\t\t\t\t<div class=\"e-gallery-image elementor-gallery-item__image\" data-thumbnail=\"https:\/\/www.lamolisana.it\/wp-content\/uploads\/2021\/05\/sartoria-3.jpg\" data-width=\"800\" data-height=\"1120\" aria-label=\"\" role=\"img\" ><\/div>\n\t\t\t\t\t\t\t\t\t\t\t<div class=\"elementor-gallery-item__overlay\"><\/div>\n\t\t\t\t\t\t\t\t\t\t\t\t\t\t<\/a>\n\t\t\t\t\t\t\t<a class=\"e-gallery-item elementor-gallery-item elementor-animated-content\" href=\"https:\/\/www.lamolisana.it\/wp-content\/uploads\/2021\/05\/sartoria-4.jpg\" data-elementor-open-lightbox=\"yes\" data-elementor-lightbox-slideshow=\"3e4b0c1\" data-elementor-lightbox-title=\"sartoria-4\" data-e-action-hash=\"#elementor-action%3Aaction%3Dlightbox%26settings%3DeyJpZCI6MjMwMjIsInVybCI6Imh0dHBzOlwvXC93d3cubGFtb2xpc2FuYS5pdFwvd3AtY29udGVudFwvdXBsb2Fkc1wvMjAyMVwvMDVcL3NhcnRvcmlhLTQuanBnIiwic2xpZGVzaG93IjoiM2U0YjBjMSJ9\">\n\t\t\t\t\t<div class=\"e-gallery-image elementor-gallery-item__image\" data-thumbnail=\"https:\/\/www.lamolisana.it\/wp-content\/uploads\/2021\/05\/sartoria-4.jpg\" data-width=\"800\" data-height=\"1120\" aria-label=\"\" role=\"img\" ><\/div>\n\t\t\t\t\t\t\t\t\t\t\t<div class=\"elementor-gallery-item__overlay\"><\/div>\n\t\t\t\t\t\t\t\t\t\t\t\t\t\t<\/a>\n\t\t\t\t\t<\/div>\n\t\t\t\t\t<\/div>\n\t\t\t\t<\/div>\n\t\t\t\t<\/div>\n\t\t\t\t\t<\/div>\n\t\t\t\t<\/div>\n\t\t\t\t<\/div>\n\t\t","protected":false},"excerpt":{"rendered":"<p>Accueil Qui sommes-nous Publicit\u00e9 Notre histoire en images. Quand l&rsquo;art de la communication rencontre la passion des p\u00e2tes, des projets uniques voient le jour. Plongez dans l&rsquo;univers cr\u00e9atif de La Molisana et d\u00e9couvrez comment nous traduisons en images et en contenus les valeurs qui nous ont toujours guid\u00e9s vers l&rsquo;excellence.<\/p>\n","protected":false},"author":1,"featured_media":0,"parent":105300,"menu_order":0,"comment_status":"closed","ping_status":"closed","template":"elementor_header_footer","meta":{"_acf_changed":false,"yasr_overall_rating":0,"yasr_post_is_review":"","yasr_auto_insert_disabled":"","yasr_review_type":"","footnotes":""},"class_list":["post-105414","page","type-page","status-publish","hentry"],"acf":[],"yasr_visitor_votes":{"stars_attributes":{"read_only":false,"span_bottom":false},"number_of_votes":0,"sum_votes":0},"_links":{"self":[{"href":"https:\/\/www.lamolisana.it\/fr\/wp-json\/wp\/v2\/pages\/105414","targetHints":{"allow":["GET"]}}],"collection":[{"href":"https:\/\/www.lamolisana.it\/fr\/wp-json\/wp\/v2\/pages"}],"about":[{"href":"https:\/\/www.lamolisana.it\/fr\/wp-json\/wp\/v2\/types\/page"}],"author":[{"embeddable":true,"href":"https:\/\/www.lamolisana.it\/fr\/wp-json\/wp\/v2\/users\/1"}],"replies":[{"embeddable":true,"href":"https:\/\/www.lamolisana.it\/fr\/wp-json\/wp\/v2\/comments?post=105414"}],"version-history":[{"count":3,"href":"https:\/\/www.lamolisana.it\/fr\/wp-json\/wp\/v2\/pages\/105414\/revisions"}],"predecessor-version":[{"id":105879,"href":"https:\/\/www.lamolisana.it\/fr\/wp-json\/wp\/v2\/pages\/105414\/revisions\/105879"}],"up":[{"embeddable":true,"href":"https:\/\/www.lamolisana.it\/fr\/wp-json\/wp\/v2\/pages\/105300"}],"wp:attachment":[{"href":"https:\/\/www.lamolisana.it\/fr\/wp-json\/wp\/v2\/media?parent=105414"}],"curies":[{"name":"wp","href":"https:\/\/api.w.org\/{rel}","templated":true}]}}