{"id":105451,"date":"2021-05-24T12:19:30","date_gmt":"2021-05-24T10:19:30","guid":{"rendered":"https:\/\/www.lamolisana.it\/qui-sommes-nous\/molise-esiste\/"},"modified":"2026-02-20T11:41:14","modified_gmt":"2026-02-20T10:41:14","slug":"molise-existe","status":"publish","type":"page","link":"https:\/\/www.lamolisana.it\/fr\/qui-sommes-nous\/molise-existe\/","title":{"rendered":"Molise n&rsquo;existe pas ? Et pourtant, elle existe !"},"content":{"rendered":"\t\t<div data-elementor-type=\"wp-page\" data-elementor-id=\"105451\" class=\"elementor elementor-105451 elementor-5158\" data-elementor-post-type=\"page\">\n\t\t\t\t<div class=\"elementor-element elementor-element-628464a e-flex e-con-boxed e-con e-parent\" data-id=\"628464a\" data-element_type=\"container\" data-e-type=\"container\">\n\t\t\t\t\t<div class=\"e-con-inner\">\n\t\t<div class=\"elementor-element elementor-element-f984ebb e-con-full e-flex e-con e-child\" data-id=\"f984ebb\" data-element_type=\"container\" data-e-type=\"container\">\n\t\t\t\t<div class=\"elementor-element elementor-element-b26fa09 elementor-icon-list--layout-inline elementor-list-item-link-full_width elementor-widget elementor-widget-icon-list\" data-id=\"b26fa09\" data-element_type=\"widget\" data-e-type=\"widget\" data-widget_type=\"icon-list.default\">\n\t\t\t\t<div class=\"elementor-widget-container\">\n\t\t\t\t\t\t\t<ul class=\"elementor-icon-list-items elementor-inline-items\">\n\t\t\t\t\t\t\t<li class=\"elementor-icon-list-item elementor-inline-item\">\n\t\t\t\t\t\t\t\t\t\t\t<a href=\"https:\/\/www.lamolisana.it\/fr\/\">\n\n\t\t\t\t\t\t\t\t\t\t\t\t<span class=\"elementor-icon-list-icon\">\n\t\t\t\t\t\t\t<i aria-hidden=\"true\" class=\"fas fa-chevron-right\"><\/i>\t\t\t\t\t\t<\/span>\n\t\t\t\t\t\t\t\t\t\t<span class=\"elementor-icon-list-text\">Accueil<\/span>\n\t\t\t\t\t\t\t\t\t\t\t<\/a>\n\t\t\t\t\t\t\t\t\t<\/li>\n\t\t\t\t\t\t\t\t<li class=\"elementor-icon-list-item elementor-inline-item\">\n\t\t\t\t\t\t\t\t\t\t\t<a href=\"https:\/\/www.lamolisana.it\/fr\/qui-sommes-nous\/\">\n\n\t\t\t\t\t\t\t\t\t\t\t\t<span class=\"elementor-icon-list-icon\">\n\t\t\t\t\t\t\t<i aria-hidden=\"true\" class=\"fas fa-chevron-right\"><\/i>\t\t\t\t\t\t<\/span>\n\t\t\t\t\t\t\t\t\t\t<span class=\"elementor-icon-list-text\">Qui sommes-nous<\/span>\n\t\t\t\t\t\t\t\t\t\t\t<\/a>\n\t\t\t\t\t\t\t\t\t<\/li>\n\t\t\t\t\t\t<\/ul>\n\t\t\t\t\t\t<\/div>\n\t\t\t\t<\/div>\n\t\t\t\t<div class=\"elementor-element elementor-element-4fae132 elementor-widget elementor-widget-heading\" data-id=\"4fae132\" data-element_type=\"widget\" data-e-type=\"widget\" data-widget_type=\"heading.default\">\n\t\t\t\t<div class=\"elementor-widget-container\">\n\t\t\t\t\t<h1 class=\"elementor-heading-title elementor-size-default\">Molise n'existe pas ?<\/h1>\t\t\t\t<\/div>\n\t\t\t\t<\/div>\n\t\t\t\t<div class=\"elementor-element elementor-element-c92fcd4 elementor-widget elementor-widget-heading\" data-id=\"c92fcd4\" data-element_type=\"widget\" data-e-type=\"widget\" data-widget_type=\"heading.default\">\n\t\t\t\t<div class=\"elementor-widget-container\">\n\t\t\t\t\t<h2 class=\"elementor-heading-title elementor-size-default\">Et pourtant, elle existe !<\/h2>\t\t\t\t<\/div>\n\t\t\t\t<\/div>\n\t\t\t\t<div class=\"elementor-element elementor-element-5fb0ddb elementor-widget elementor-widget-text-editor\" data-id=\"5fb0ddb\" data-element_type=\"widget\" data-e-type=\"widget\" data-widget_type=\"text-editor.default\">\n\t\t\t\t<div class=\"elementor-widget-container\">\n\t\t\t\t\t\t\t\t\t<p>Le Molise est un paradis naturel, riche d&rsquo;une longue tradition c\u00e9r\u00e9ali\u00e8re, d&rsquo;eaux de source abondantes et d&rsquo;un air pur, conditions id\u00e9ales pour la production de p\u00e2tes. C&rsquo;est sur cette terre, o\u00f9 les premiers ateliers de mouture et les fabriques artisanales de p\u00e2tes ont vu le jour au d\u00e9but du si\u00e8cle dernier, que notre fabrique de p\u00e2tes se dresse fi\u00e8rement, fi\u00e8re d&rsquo;\u00eatre la plus haute d&rsquo;Italie centrale et m\u00e9ridionale, \u00e0 730 m\u00e8tres d&rsquo;altitude, au pied du mont Matese.<\/p>\t\t\t\t\t\t\t\t<\/div>\n\t\t\t\t<\/div>\n\t\t\t\t<\/div>\n\t\t\t\t\t<\/div>\n\t\t\t\t<\/div>\n\t\t<div class=\"elementor-element elementor-element-3412474 e-flex e-con-boxed e-con e-parent\" data-id=\"3412474\" data-element_type=\"container\" data-e-type=\"container\">\n\t\t\t\t\t<div class=\"e-con-inner\">\n\t\t<div class=\"elementor-element elementor-element-e5eefb2 e-con-full e-flex e-con e-child\" data-id=\"e5eefb2\" data-element_type=\"container\" data-e-type=\"container\">\n\t\t\t\t<div class=\"elementor-element elementor-element-55fa211 elementor-widget elementor-widget-video\" data-id=\"55fa211\" data-element_type=\"widget\" data-e-type=\"widget\" data-settings=\"{&quot;youtube_url&quot;:&quot;https:\\\/\\\/www.youtube.com\\\/watch?v=ALhssxFdZUw&quot;,&quot;lazy_load&quot;:&quot;yes&quot;,&quot;yt_privacy&quot;:&quot;yes&quot;,&quot;show_image_overlay&quot;:&quot;yes&quot;,&quot;image_overlay&quot;:{&quot;url&quot;:&quot;https:\\\/\\\/www.lamolisana.it\\\/wp-content\\\/uploads\\\/2021\\\/05\\\/molise-video.jpg&quot;,&quot;id&quot;:23054,&quot;size&quot;:&quot;&quot;},&quot;lightbox&quot;:&quot;yes&quot;,&quot;video_type&quot;:&quot;youtube&quot;,&quot;controls&quot;:&quot;yes&quot;}\" data-widget_type=\"video.default\">\n\t\t\t\t<div class=\"elementor-widget-container\">\n\t\t\t\t\t\t\t<div class=\"elementor-wrapper elementor-open-lightbox\">\n\t\t\t\t\t\t\t<div class=\"elementor-custom-embed-image-overlay\" data-elementor-open-lightbox=\"yes\" data-elementor-lightbox=\"{&quot;type&quot;:&quot;video&quot;,&quot;videoType&quot;:&quot;youtube&quot;,&quot;url&quot;:&quot;https:\\\/\\\/www.youtube-nocookie.com\\\/embed\\\/ALhssxFdZUw?feature=oembed&amp;start&amp;end&amp;wmode=opaque&amp;loop=0&amp;controls=1&amp;mute=0&amp;rel=0&amp;cc_load_policy=0&quot;,&quot;autoplay&quot;:&quot;&quot;,&quot;modalOptions&quot;:{&quot;id&quot;:&quot;elementor-lightbox-55fa211&quot;,&quot;entranceAnimation&quot;:&quot;&quot;,&quot;entranceAnimation_tablet&quot;:&quot;&quot;,&quot;entranceAnimation_mobile&quot;:&quot;&quot;,&quot;videoAspectRatio&quot;:&quot;169&quot;}}\" data-e-action-hash=\"#elementor-action%3Aaction%3Dlightbox%26settings%3DeyJ0eXBlIjoidmlkZW8iLCJ2aWRlb1R5cGUiOiJ5b3V0dWJlIiwidXJsIjoiaHR0cHM6XC9cL3d3dy55b3V0dWJlLW5vY29va2llLmNvbVwvZW1iZWRcL0FMaHNzeEZkWlV3P2ZlYXR1cmU9b2VtYmVkJnN0YXJ0JmVuZCZ3bW9kZT1vcGFxdWUmbG9vcD0wJmNvbnRyb2xzPTEmbXV0ZT0wJnJlbD0wJmNjX2xvYWRfcG9saWN5PTAiLCJhdXRvcGxheSI6IiIsIm1vZGFsT3B0aW9ucyI6eyJpZCI6ImVsZW1lbnRvci1saWdodGJveC01NWZhMjExIiwiZW50cmFuY2VBbmltYXRpb24iOiIiLCJlbnRyYW5jZUFuaW1hdGlvbl90YWJsZXQiOiIiLCJlbnRyYW5jZUFuaW1hdGlvbl9tb2JpbGUiOiIiLCJ2aWRlb0FzcGVjdFJhdGlvIjoiMTY5In19\">\n\t\t\t\t\t\t\t\t\t\t\t<img fetchpriority=\"high\" decoding=\"async\" width=\"600\" height=\"600\" src=\"https:\/\/www.lamolisana.it\/wp-content\/uploads\/2021\/05\/molise-video.jpg\" class=\"attachment-full size-full wp-image-23054\" alt=\"\" srcset=\"https:\/\/www.lamolisana.it\/wp-content\/uploads\/2021\/05\/molise-video.jpg 600w, https:\/\/www.lamolisana.it\/wp-content\/uploads\/2021\/05\/molise-video-300x300.jpg 300w, https:\/\/www.lamolisana.it\/wp-content\/uploads\/2021\/05\/molise-video-500x500.jpg 500w\" sizes=\"(max-width: 600px) 100vw, 600px\" \/>\t\t\t\t\t\t\t\t\t\t\t\t\t\t\t\t<div class=\"elementor-custom-embed-play\" role=\"button\" aria-label=\"Lire la vid\u00e9o\" tabindex=\"0\">\n\t\t\t\t\t\t\t<i aria-hidden=\"true\" class=\"eicon-play\"><\/i>\t\t\t\t\t\t<\/div>\n\t\t\t\t\t\t\t\t\t<\/div>\n\t\t\t\t\t<\/div>\n\t\t\t\t\t\t<\/div>\n\t\t\t\t<\/div>\n\t\t\t\t<\/div>\n\t\t<div class=\"elementor-element elementor-element-9becfe2 e-con-full e-flex e-con e-child\" data-id=\"9becfe2\" data-element_type=\"container\" data-e-type=\"container\">\n\t\t\t\t<div class=\"elementor-element elementor-element-c2d820d elementor-widget elementor-widget-heading\" data-id=\"c2d820d\" data-element_type=\"widget\" data-e-type=\"widget\" data-widget_type=\"heading.default\">\n\t\t\t\t<div class=\"elementor-widget-container\">\n\t\t\t\t\t<h1 class=\"elementor-heading-title elementor-size-default\">L'air de la montagne<\/h1>\t\t\t\t<\/div>\n\t\t\t\t<\/div>\n\t\t\t\t<div class=\"elementor-element elementor-element-e913c23 elementor-widget elementor-widget-text-editor\" data-id=\"e913c23\" data-element_type=\"widget\" data-e-type=\"widget\" data-widget_type=\"text-editor.default\">\n\t\t\t\t<div class=\"elementor-widget-container\">\n\t\t\t\t\t\t\t\t\t<p>Le Molise est une petite r\u00e9gion, \u00e0 l&rsquo;\u00e9cart des grands axes routiers, offrant des conditions id\u00e9ales pour la conservation et la transformation des c\u00e9r\u00e9ales les plus fines. L&rsquo;air de nos montagnes, avec ses temp\u00e9ratures douces, est id\u00e9al pour la conservation optimale des mati\u00e8res premi\u00e8res et des produits finis\u00a0; l&rsquo;eau de source cristalline est parfaite pour le p\u00e9trissage de notre semoule pure, fruit d&rsquo;une passion et d&rsquo;un savoir-faire transmis de p\u00e8re en fils depuis quatre g\u00e9n\u00e9rations.<\/p>\t\t\t\t\t\t\t\t<\/div>\n\t\t\t\t<\/div>\n\t\t\t\t<\/div>\n\t\t\t\t\t<\/div>\n\t\t\t\t<\/div>\n\t\t<div class=\"elementor-element elementor-element-0396cb1 e-flex e-con-boxed e-con e-parent\" data-id=\"0396cb1\" data-element_type=\"container\" data-e-type=\"container\" data-settings=\"{&quot;background_background&quot;:&quot;classic&quot;}\">\n\t\t\t\t\t<div class=\"e-con-inner\">\n\t\t<div class=\"elementor-element elementor-element-af4273e e-con-full e-flex e-con e-child\" data-id=\"af4273e\" data-element_type=\"container\" data-e-type=\"container\">\n\t\t\t\t<div class=\"elementor-element elementor-element-79d73ba elementor-widget elementor-widget-text-editor\" data-id=\"79d73ba\" data-element_type=\"widget\" data-e-type=\"widget\" data-widget_type=\"text-editor.default\">\n\t\t\t\t<div class=\"elementor-widget-container\">\n\t\t\t\t\t\t\t\t\t<p>La famille Ferro habite ici, une famille dot\u00e9e d&rsquo;un talent unique, qui r\u00e9side dans sa longue exp\u00e9rience et sa grande connaissance du bl\u00e9.<\/p>\t\t\t\t\t\t\t\t<\/div>\n\t\t\t\t<\/div>\n\t\t\t\t<\/div>\n\t\t\t\t\t<\/div>\n\t\t\t\t<\/div>\n\t\t<div class=\"elementor-element elementor-element-c8ec34f e-flex e-con-boxed e-con e-parent\" data-id=\"c8ec34f\" data-element_type=\"container\" data-e-type=\"container\">\n\t\t\t\t\t<div class=\"e-con-inner\">\n\t\t<div class=\"elementor-element elementor-element-9e31d1d e-con-full e-flex e-con e-child\" data-id=\"9e31d1d\" data-element_type=\"container\" data-e-type=\"container\">\n\t\t\t\t<div class=\"elementor-element elementor-element-6fefb83 elementor-widget elementor-widget-heading\" data-id=\"6fefb83\" data-element_type=\"widget\" data-e-type=\"widget\" data-widget_type=\"heading.default\">\n\t\t\t\t<div class=\"elementor-widget-container\">\n\t\t\t\t\t<h1 class=\"elementor-heading-title elementor-size-default\">Eau cristalline<\/h1>\t\t\t\t<\/div>\n\t\t\t\t<\/div>\n\t\t\t\t<div class=\"elementor-element elementor-element-6ea4ef3 elementor-widget elementor-widget-text-editor\" data-id=\"6ea4ef3\" data-element_type=\"widget\" data-e-type=\"widget\" data-widget_type=\"text-editor.default\">\n\t\t\t\t<div class=\"elementor-widget-container\">\n\t\t\t\t\t\t\t\t\t<p>La ma\u00eetrise de l&rsquo;int\u00e9gralit\u00e9 du cycle de vie du produit, de la s\u00e9lection des meilleures c\u00e9r\u00e9ales au monde \u00e0 leur mouture en interne, jusqu&rsquo;\u00e0 la production de p\u00e2tes d&rsquo;une qualit\u00e9 exceptionnelle. Passion, d\u00e9vouement \u00e0 l&rsquo;entreprise et sentiment d&rsquo;appartenance constituent un h\u00e9ritage de valeurs inestimables qui, associ\u00e9s \u00e0 une gouvernance solide et ambitieuse, font la valeur ajout\u00e9e de nos p\u00e2tes.<\/p><p>Le Molise est une petite r\u00e9gion, mais elle s&rsquo;enorgueillit de la mer et des montagnes. C&rsquo;est pr\u00e9cis\u00e9ment cette montagne, le Matese, qui nous fournit l&rsquo;eau froide et cristalline utilis\u00e9e pour fabriquer notre semoule. Capt\u00e9e profond\u00e9ment dans la terre \u00e0 Riofreddo, \u00e0 506 m\u00e8tres d&rsquo;altitude, l&rsquo;eau du Matese est pauvre en min\u00e9raux, pr\u00e9sente un faible r\u00e9sidu fixe, est faible en sodium et en nitrates, et est constamment l\u00e9g\u00e8re, reconnue comme l&rsquo;une des meilleures d&rsquo;Italie.<\/p>\t\t\t\t\t\t\t\t<\/div>\n\t\t\t\t<\/div>\n\t\t\t\t<\/div>\n\t\t<div class=\"elementor-element elementor-element-9e71f4d e-con-full e-flex e-con e-child\" data-id=\"9e71f4d\" data-element_type=\"container\" data-e-type=\"container\" data-settings=\"{&quot;background_background&quot;:&quot;classic&quot;}\">\n\t\t\t\t<\/div>\n\t\t\t\t\t<\/div>\n\t\t\t\t<\/div>\n\t\t<div class=\"elementor-element elementor-element-2844f3f e-flex e-con-boxed e-con e-parent\" data-id=\"2844f3f\" data-element_type=\"container\" data-e-type=\"container\">\n\t\t\t\t\t<div class=\"e-con-inner\">\n\t\t<div class=\"elementor-element elementor-element-4498b7a e-con-full e-flex e-con e-child\" data-id=\"4498b7a\" data-element_type=\"container\" data-e-type=\"container\">\n\t\t\t\t<div class=\"elementor-element elementor-element-f3bf4f3 elementor-widget elementor-widget-gallery\" data-id=\"f3bf4f3\" data-element_type=\"widget\" data-e-type=\"widget\" data-settings=\"{&quot;columns&quot;:2,&quot;gap&quot;:{&quot;unit&quot;:&quot;px&quot;,&quot;size&quot;:5,&quot;sizes&quot;:[]},&quot;gap_mobile&quot;:{&quot;unit&quot;:&quot;px&quot;,&quot;size&quot;:5,&quot;sizes&quot;:[]},&quot;gap_tablet&quot;:{&quot;unit&quot;:&quot;px&quot;,&quot;size&quot;:5,&quot;sizes&quot;:[]},&quot;lazyload&quot;:&quot;yes&quot;,&quot;gallery_layout&quot;:&quot;grid&quot;,&quot;columns_tablet&quot;:2,&quot;columns_mobile&quot;:1,&quot;gap_widescreen&quot;:{&quot;unit&quot;:&quot;px&quot;,&quot;size&quot;:&quot;&quot;,&quot;sizes&quot;:[]},&quot;gap_laptop&quot;:{&quot;unit&quot;:&quot;px&quot;,&quot;size&quot;:10,&quot;sizes&quot;:[]},&quot;gap_tablet_extra&quot;:{&quot;unit&quot;:&quot;px&quot;,&quot;size&quot;:10,&quot;sizes&quot;:[]},&quot;gap_mobile_extra&quot;:{&quot;unit&quot;:&quot;px&quot;,&quot;size&quot;:10,&quot;sizes&quot;:[]},&quot;aspect_ratio&quot;:&quot;3:2&quot;,&quot;content_hover_animation&quot;:&quot;fade-in&quot;}\" data-widget_type=\"gallery.default\">\n\t\t\t\t<div class=\"elementor-widget-container\">\n\t\t\t\t\t\t\t<div class=\"elementor-gallery__container\">\n\t\t\t\t\t\t\t<div class=\"e-gallery-item elementor-gallery-item elementor-animated-content\">\n\t\t\t\t\t<div class=\"e-gallery-image elementor-gallery-item__image\" data-thumbnail=\"https:\/\/www.lamolisana.it\/wp-content\/uploads\/2025\/07\/molise-people-01.webp\" data-width=\"1080\" data-height=\"1080\" aria-label=\"\" role=\"img\" ><\/div>\n\t\t\t\t\t\t\t\t\t\t\t\t\t\t<\/div>\n\t\t\t\t\t\t\t<div class=\"e-gallery-item elementor-gallery-item elementor-animated-content\">\n\t\t\t\t\t<div class=\"e-gallery-image elementor-gallery-item__image\" data-thumbnail=\"https:\/\/www.lamolisana.it\/wp-content\/uploads\/2025\/07\/molise-people-02.webp\" data-width=\"1080\" data-height=\"1080\" aria-label=\"\" role=\"img\" ><\/div>\n\t\t\t\t\t\t\t\t\t\t\t\t\t\t<\/div>\n\t\t\t\t\t\t\t<div class=\"e-gallery-item elementor-gallery-item elementor-animated-content\">\n\t\t\t\t\t<div class=\"e-gallery-image elementor-gallery-item__image\" data-thumbnail=\"https:\/\/www.lamolisana.it\/wp-content\/uploads\/2025\/07\/molise-people-03.webp\" data-width=\"1080\" data-height=\"1080\" aria-label=\"\" role=\"img\" ><\/div>\n\t\t\t\t\t\t\t\t\t\t\t\t\t\t<\/div>\n\t\t\t\t\t\t\t<div class=\"e-gallery-item elementor-gallery-item elementor-animated-content\">\n\t\t\t\t\t<div class=\"e-gallery-image elementor-gallery-item__image\" data-thumbnail=\"https:\/\/www.lamolisana.it\/wp-content\/uploads\/2025\/07\/molise-people-04.webp\" data-width=\"1080\" data-height=\"1080\" aria-label=\"\" role=\"img\" ><\/div>\n\t\t\t\t\t\t\t\t\t\t\t\t\t\t<\/div>\n\t\t\t\t\t\t\t<div class=\"e-gallery-item elementor-gallery-item elementor-animated-content\">\n\t\t\t\t\t<div class=\"e-gallery-image elementor-gallery-item__image\" data-thumbnail=\"https:\/\/www.lamolisana.it\/wp-content\/uploads\/2025\/07\/molise-people-05.webp\" data-width=\"1080\" data-height=\"1080\" aria-label=\"\" role=\"img\" ><\/div>\n\t\t\t\t\t\t\t\t\t\t\t\t\t\t<\/div>\n\t\t\t\t\t\t\t<div class=\"e-gallery-item elementor-gallery-item elementor-animated-content\">\n\t\t\t\t\t<div class=\"e-gallery-image elementor-gallery-item__image\" data-thumbnail=\"https:\/\/www.lamolisana.it\/wp-content\/uploads\/2025\/07\/molise-people-06.webp\" data-width=\"1080\" data-height=\"1080\" aria-label=\"\" role=\"img\" ><\/div>\n\t\t\t\t\t\t\t\t\t\t\t\t\t\t<\/div>\n\t\t\t\t\t<\/div>\n\t\t\t\t\t<\/div>\n\t\t\t\t<\/div>\n\t\t\t\t<\/div>\n\t\t\t\t\t<\/div>\n\t\t\t\t<\/div>\n\t\t\t\t<\/div>\n\t\t","protected":false},"excerpt":{"rendered":"<p>Accueil Qui sommes-nous Molise n&rsquo;existe pas ? Et pourtant, elle existe ! Le Molise est un paradis naturel, riche d&rsquo;une longue tradition c\u00e9r\u00e9ali\u00e8re, d&rsquo;eaux de source abondantes et d&rsquo;un air pur, conditions id\u00e9ales pour la production de p\u00e2tes. C&rsquo;est sur cette terre, o\u00f9 les premiers ateliers de mouture et les fabriques artisanales de p\u00e2tes ont [&hellip;]<\/p>\n","protected":false},"author":1,"featured_media":0,"parent":105300,"menu_order":0,"comment_status":"closed","ping_status":"closed","template":"elementor_header_footer","meta":{"_acf_changed":false,"yasr_overall_rating":0,"yasr_post_is_review":"","yasr_auto_insert_disabled":"","yasr_review_type":"","footnotes":""},"class_list":["post-105451","page","type-page","status-publish","hentry"],"acf":[],"yasr_visitor_votes":{"stars_attributes":{"read_only":false,"span_bottom":false},"number_of_votes":0,"sum_votes":0},"_links":{"self":[{"href":"https:\/\/www.lamolisana.it\/fr\/wp-json\/wp\/v2\/pages\/105451","targetHints":{"allow":["GET"]}}],"collection":[{"href":"https:\/\/www.lamolisana.it\/fr\/wp-json\/wp\/v2\/pages"}],"about":[{"href":"https:\/\/www.lamolisana.it\/fr\/wp-json\/wp\/v2\/types\/page"}],"author":[{"embeddable":true,"href":"https:\/\/www.lamolisana.it\/fr\/wp-json\/wp\/v2\/users\/1"}],"replies":[{"embeddable":true,"href":"https:\/\/www.lamolisana.it\/fr\/wp-json\/wp\/v2\/comments?post=105451"}],"version-history":[{"count":3,"href":"https:\/\/www.lamolisana.it\/fr\/wp-json\/wp\/v2\/pages\/105451\/revisions"}],"predecessor-version":[{"id":105876,"href":"https:\/\/www.lamolisana.it\/fr\/wp-json\/wp\/v2\/pages\/105451\/revisions\/105876"}],"up":[{"embeddable":true,"href":"https:\/\/www.lamolisana.it\/fr\/wp-json\/wp\/v2\/pages\/105300"}],"wp:attachment":[{"href":"https:\/\/www.lamolisana.it\/fr\/wp-json\/wp\/v2\/media?parent=105451"}],"curies":[{"name":"wp","href":"https:\/\/api.w.org\/{rel}","templated":true}]}}