{"id":105479,"date":"2021-05-24T15:42:12","date_gmt":"2021-05-24T13:42:12","guid":{"rendered":"https:\/\/www.lamolisana.it\/qui-sommes-nous\/quattro-cugini-quattro-personalita-un-unico-obiettivo\/"},"modified":"2026-02-26T10:37:04","modified_gmt":"2026-02-26T09:37:04","slug":"quatre-cousins","status":"publish","type":"page","link":"https:\/\/www.lamolisana.it\/fr\/qui-sommes-nous\/quatre-cousins\/","title":{"rendered":"Quatre cousins, quatre personnalit\u00e9s. Un seul objectif."},"content":{"rendered":"\t\t<div data-elementor-type=\"wp-page\" data-elementor-id=\"105479\" class=\"elementor elementor-105479 elementor-5217\" data-elementor-post-type=\"page\">\n\t\t\t\t<div class=\"elementor-element elementor-element-63e41f5 e-flex e-con-boxed e-con e-parent\" data-id=\"63e41f5\" data-element_type=\"container\" data-e-type=\"container\">\n\t\t\t\t\t<div class=\"e-con-inner\">\n\t\t<div class=\"elementor-element elementor-element-0c236f1 e-con-full e-flex e-con e-child\" data-id=\"0c236f1\" data-element_type=\"container\" data-e-type=\"container\">\n\t\t\t\t<div class=\"elementor-element elementor-element-d6aed8d elementor-icon-list--layout-inline elementor-list-item-link-full_width elementor-widget elementor-widget-icon-list\" data-id=\"d6aed8d\" data-element_type=\"widget\" data-e-type=\"widget\" data-widget_type=\"icon-list.default\">\n\t\t\t\t<div class=\"elementor-widget-container\">\n\t\t\t\t\t\t\t<ul class=\"elementor-icon-list-items elementor-inline-items\">\n\t\t\t\t\t\t\t<li class=\"elementor-icon-list-item elementor-inline-item\">\n\t\t\t\t\t\t\t\t\t\t\t<a href=\"https:\/\/www.lamolisana.it\/fr\/\">\n\n\t\t\t\t\t\t\t\t\t\t\t\t<span class=\"elementor-icon-list-icon\">\n\t\t\t\t\t\t\t<i aria-hidden=\"true\" class=\"fas fa-chevron-right\"><\/i>\t\t\t\t\t\t<\/span>\n\t\t\t\t\t\t\t\t\t\t<span class=\"elementor-icon-list-text\">Accueil<\/span>\n\t\t\t\t\t\t\t\t\t\t\t<\/a>\n\t\t\t\t\t\t\t\t\t<\/li>\n\t\t\t\t\t\t\t\t<li class=\"elementor-icon-list-item elementor-inline-item\">\n\t\t\t\t\t\t\t\t\t\t\t<a href=\"https:\/\/www.lamolisana.it\/fr\/qui-sommes-nous\/\">\n\n\t\t\t\t\t\t\t\t\t\t\t\t<span class=\"elementor-icon-list-icon\">\n\t\t\t\t\t\t\t<i aria-hidden=\"true\" class=\"fas fa-chevron-right\"><\/i>\t\t\t\t\t\t<\/span>\n\t\t\t\t\t\t\t\t\t\t<span class=\"elementor-icon-list-text\">Qui sommes-nous ?<\/span>\n\t\t\t\t\t\t\t\t\t\t\t<\/a>\n\t\t\t\t\t\t\t\t\t<\/li>\n\t\t\t\t\t\t<\/ul>\n\t\t\t\t\t\t<\/div>\n\t\t\t\t<\/div>\n\t\t\t\t<div class=\"elementor-element elementor-element-32cf3a7 elementor-widget elementor-widget-heading\" data-id=\"32cf3a7\" data-element_type=\"widget\" data-e-type=\"widget\" data-widget_type=\"heading.default\">\n\t\t\t\t<div class=\"elementor-widget-container\">\n\t\t\t\t\t<h1 class=\"elementor-heading-title elementor-size-default\">Quatre cousins, quatre personnalit\u00e9s<\/h1>\t\t\t\t<\/div>\n\t\t\t\t<\/div>\n\t\t\t\t<div class=\"elementor-element elementor-element-0866be7 elementor-widget elementor-widget-heading\" data-id=\"0866be7\" data-element_type=\"widget\" data-e-type=\"widget\" data-widget_type=\"heading.default\">\n\t\t\t\t<div class=\"elementor-widget-container\">\n\t\t\t\t\t<h2 class=\"elementor-heading-title elementor-size-default\">Un seul objectif.<\/h2>\t\t\t\t<\/div>\n\t\t\t\t<\/div>\n\t\t\t\t<div class=\"elementor-element elementor-element-b624971 elementor-widget elementor-widget-text-editor\" data-id=\"b624971\" data-element_type=\"widget\" data-e-type=\"widget\" data-widget_type=\"text-editor.default\">\n\t\t\t\t<div class=\"elementor-widget-container\">\n\t\t\t\t\t\t\t\t\t<p>Quatre entrepreneurs, quatre personnalit\u00e9s, une seule \u00e2me au service du r\u00e9sultat.<\/p><p>Depuis son rachat par le Groupe Ferro, La Molisana a connu une croissance constante qui l&rsquo;a hiss\u00e9e au rang de deuxi\u00e8me plus grande usine de p\u00e2tes d&rsquo;Italie.<\/p>\t\t\t\t\t\t\t\t<\/div>\n\t\t\t\t<\/div>\n\t\t\t\t<div class=\"elementor-element elementor-element-a64a70b elementor-widget elementor-widget-text-editor\" data-id=\"a64a70b\" data-element_type=\"widget\" data-e-type=\"widget\" data-widget_type=\"text-editor.default\">\n\t\t\t\t<div class=\"elementor-widget-container\">\n\t\t\t\t\t\t\t\t\t<p>Une \u00e9tape marquante qui illustre comment une vision industrielle, un savoir-faire meunier et des investissements continus peuvent v\u00e9ritablement transformer les choses. En quinze ans, un projet ambitieux s&rsquo;est mu\u00e9 en une r\u00e9alit\u00e9 solide et reconnue, alliant tradition et innovation. En 2026, de nouveaux investissements, de nouveaux projets de d\u00e9veloppement et un choix clair se profilent \u00e0 l&rsquo;horizon\u00a0: rester fermement ancr\u00e9 dans le Molise, poursuivre sa croissance sans perdre son identit\u00e9.<\/p>\t\t\t\t\t\t\t\t<\/div>\n\t\t\t\t<\/div>\n\t\t\t\t<\/div>\n\t\t\t\t\t<\/div>\n\t\t\t\t<\/div>\n\t\t<div class=\"elementor-element elementor-element-9e60780 e-flex e-con-boxed e-con e-parent\" data-id=\"9e60780\" data-element_type=\"container\" data-e-type=\"container\">\n\t\t\t\t\t<div class=\"e-con-inner\">\n\t\t<div class=\"elementor-element elementor-element-4e18650 e-con-full e-flex e-con e-child\" data-id=\"4e18650\" data-element_type=\"container\" data-e-type=\"container\">\n\t\t<div class=\"elementor-element elementor-element-b2ad3df e-con-full e-flex e-con e-child\" data-id=\"b2ad3df\" data-element_type=\"container\" data-e-type=\"container\" data-settings=\"{&quot;background_background&quot;:&quot;classic&quot;}\">\n\t\t\t\t<\/div>\n\t\t\t\t<\/div>\n\t\t<div class=\"elementor-element elementor-element-8384cde e-con-full e-flex e-con e-child\" data-id=\"8384cde\" data-element_type=\"container\" data-e-type=\"container\">\n\t\t\t\t<div class=\"elementor-element elementor-element-5054edf elementor-widget elementor-widget-heading\" data-id=\"5054edf\" data-element_type=\"widget\" data-e-type=\"widget\" data-widget_type=\"heading.default\">\n\t\t\t\t<div class=\"elementor-widget-container\">\n\t\t\t\t\t<h3 class=\"elementor-heading-title elementor-size-default\">Rossella Ferro<\/h3>\t\t\t\t<\/div>\n\t\t\t\t<\/div>\n\t\t\t\t<div class=\"elementor-element elementor-element-54e254f elementor-widget elementor-widget-text-editor\" data-id=\"54e254f\" data-element_type=\"widget\" data-e-type=\"widget\" data-widget_type=\"text-editor.default\">\n\t\t\t\t<div class=\"elementor-widget-container\">\n\t\t\t\t\t\t\t\t\t<p>Le visage de La Molisana est celui d&rsquo;une femme passionn\u00e9e, d&rsquo;une m\u00e8re aimante et d&rsquo;une entrepreneuse prim\u00e9e : v\u00e9ritable funambule, Rossella Ferro, <strong>directrice marketing<\/strong>, dirige un groupe de jeunes auxquels elle a insuffl\u00e9 passion et vision.<\/p>\t\t\t\t\t\t\t\t<\/div>\n\t\t\t\t<\/div>\n\t\t\t\t<div class=\"elementor-element elementor-element-eb75a3a elementor-widget elementor-widget-text-editor\" data-id=\"eb75a3a\" data-element_type=\"widget\" data-e-type=\"widget\" data-widget_type=\"text-editor.default\">\n\t\t\t\t<div class=\"elementor-widget-container\">\n\t\t\t\t\t\t\t\t\t<p><em>Les r\u00e9sultats positifs doivent toujours \u00eatre consid\u00e9r\u00e9s avec lucidit\u00e9, comme un point de d\u00e9part et non une finalit\u00e9. Cependant, je ne peux cacher ma joie de voir les efforts d\u00e9ploy\u00e9s pendant des ann\u00e9es, durant lesquelles nous avons repouss\u00e9 nos limites et celles de nos collaborateurs, se traduire par d&rsquo;excellentes performances commerciales. La synergie avec la communaut\u00e9 locale est essentielle pour faire conna\u00eetre les entreprises locales qui se distinguent par leur excellence et qui alimentent durablement des cercles vertueux. Un parcours de croissance saine et constante que nous n&rsquo;oublierons jamais, car nous n&rsquo;oublions jamais les efforts que nous avons d\u00e9ploy\u00e9s.<\/em><\/p><p><strong>Rossella Ferro<\/strong><\/p>\t\t\t\t\t\t\t\t<\/div>\n\t\t\t\t<\/div>\n\t\t\t\t<\/div>\n\t\t\t\t\t<\/div>\n\t\t\t\t<\/div>\n\t\t<div class=\"elementor-element elementor-element-174a0f3 e-flex e-con-boxed e-con e-parent\" data-id=\"174a0f3\" data-element_type=\"container\" data-e-type=\"container\">\n\t\t\t\t\t<div class=\"e-con-inner\">\n\t\t<div class=\"elementor-element elementor-element-64663e4 e-con-full e-flex e-con e-child\" data-id=\"64663e4\" data-element_type=\"container\" data-e-type=\"container\">\n\t\t\t\t<div class=\"elementor-element elementor-element-7b5c739 elementor-widget elementor-widget-heading\" data-id=\"7b5c739\" data-element_type=\"widget\" data-e-type=\"widget\" data-widget_type=\"heading.default\">\n\t\t\t\t<div class=\"elementor-widget-container\">\n\t\t\t\t\t<h3 class=\"elementor-heading-title elementor-size-default\">Flavio Ferro<\/h3>\t\t\t\t<\/div>\n\t\t\t\t<\/div>\n\t\t\t\t<div class=\"elementor-element elementor-element-03336a5 elementor-widget elementor-widget-text-editor\" data-id=\"03336a5\" data-element_type=\"widget\" data-e-type=\"widget\" data-widget_type=\"text-editor.default\">\n\t\t\t\t<div class=\"elementor-widget-container\">\n\t\t\t\t\t\t\t\t\t<p>Le <strong>directeur de l&rsquo;usine du Groupe<\/strong>, un homme au caract\u00e8re bien tremp\u00e9, travailleur infatigable, forg\u00e9 par les \u00e9preuves et naturellement enclin aux sacrifices, nous a \u00e9t\u00e9 demand\u00e9 ce que cette acquisition impliquait\u00a0:<\/p>\t\t\t\t\t\t\t\t<\/div>\n\t\t\t\t<\/div>\n\t\t\t\t<div class=\"elementor-element elementor-element-cc020f8 elementor-widget elementor-widget-text-editor\" data-id=\"cc020f8\" data-element_type=\"widget\" data-e-type=\"widget\" data-widget_type=\"text-editor.default\">\n\t\t\t\t<div class=\"elementor-widget-container\">\n\t\t\t\t\t\t\t\t\t<p><em>Lorsque nous avons acquis le Pastificio, nous savions que nous \u00e9tions confront\u00e9s \u00e0 un d\u00e9fi immense : faire rena\u00eetre une marque centenaire, appr\u00e9ci\u00e9e et reconnue dans le monde entier, mais aussi un site n\u00e9cessitant des investissements consid\u00e9rables et une r\u00e9novation rapide, un v\u00e9ritable chantier en pleine transformation. Ces ann\u00e9es furent intenses, ponctu\u00e9es de d\u00e9cisions importantes, durant lesquelles l&rsquo;entreprise a pris la forme que nous souhaitions. Nous craignions notre audace, mais nous \u00e9tions fermement convaincus de nos choix. Nous avons atteint des niveaux de production significatifs, investi dans de nouvelles machines et r\u00e9nov\u00e9 en profondeur le site. Je partage ces r\u00e9sultats encourageants avec mes \u00e9quipes, qui ont cru en ce projet, du laboratoire qualit\u00e9 \u00e0 la production, du conditionnement \u00e0 la logistique.<\/em><\/p><p><strong>Flavio Ferro<\/strong><\/p>\t\t\t\t\t\t\t\t<\/div>\n\t\t\t\t<\/div>\n\t\t\t\t<\/div>\n\t\t<div class=\"elementor-element elementor-element-73894ad e-con-full e-flex e-con e-child\" data-id=\"73894ad\" data-element_type=\"container\" data-e-type=\"container\">\n\t\t<div class=\"elementor-element elementor-element-a971a80 e-con-full e-flex e-con e-child\" data-id=\"a971a80\" data-element_type=\"container\" data-e-type=\"container\" data-settings=\"{&quot;background_background&quot;:&quot;classic&quot;}\">\n\t\t\t\t<\/div>\n\t\t\t\t<\/div>\n\t\t\t\t\t<\/div>\n\t\t\t\t<\/div>\n\t\t<div class=\"elementor-element elementor-element-1753450 e-flex e-con-boxed e-con e-parent\" data-id=\"1753450\" data-element_type=\"container\" data-e-type=\"container\">\n\t\t\t\t\t<div class=\"e-con-inner\">\n\t\t<div class=\"elementor-element elementor-element-6171558 e-con-full e-flex e-con e-child\" data-id=\"6171558\" data-element_type=\"container\" data-e-type=\"container\">\n\t\t<div class=\"elementor-element elementor-element-145f0c6 e-con-full e-flex e-con e-child\" data-id=\"145f0c6\" data-element_type=\"container\" data-e-type=\"container\" data-settings=\"{&quot;background_background&quot;:&quot;classic&quot;}\">\n\t\t\t\t<\/div>\n\t\t\t\t<\/div>\n\t\t<div class=\"elementor-element elementor-element-b0af71c e-con-full e-flex e-con e-child\" data-id=\"b0af71c\" data-element_type=\"container\" data-e-type=\"container\">\n\t\t\t\t<div class=\"elementor-element elementor-element-e594ea4 elementor-widget elementor-widget-heading\" data-id=\"e594ea4\" data-element_type=\"widget\" data-e-type=\"widget\" data-widget_type=\"heading.default\">\n\t\t\t\t<div class=\"elementor-widget-container\">\n\t\t\t\t\t<h3 class=\"elementor-heading-title elementor-size-default\">Francesco Ferro<\/h3>\t\t\t\t<\/div>\n\t\t\t\t<\/div>\n\t\t\t\t<div class=\"elementor-element elementor-element-2a8b1ba elementor-widget elementor-widget-text-editor\" data-id=\"2a8b1ba\" data-element_type=\"widget\" data-e-type=\"widget\" data-widget_type=\"text-editor.default\">\n\t\t\t\t<div class=\"elementor-widget-container\">\n\t\t\t\t\t\t\t\t\t<p><strong>Directeur de l&rsquo;usine<\/strong>, il g\u00e8re et supervise le moulin. Il incarne l&rsquo;affabilit\u00e9 et l&rsquo;expertise de quatre g\u00e9n\u00e9rations \u00e0 la t\u00eate de l&rsquo;entreprise familiale.<\/p>\t\t\t\t\t\t\t\t<\/div>\n\t\t\t\t<\/div>\n\t\t\t\t<div class=\"elementor-element elementor-element-426b660 elementor-widget elementor-widget-text-editor\" data-id=\"426b660\" data-element_type=\"widget\" data-e-type=\"widget\" data-widget_type=\"text-editor.default\">\n\t\t\t\t<div class=\"elementor-widget-container\">\n\t\t\t\t\t\t\t\t\t<p><em>Pour ceux d&rsquo;entre nous qui avons consacr\u00e9 notre vie au march\u00e9 du bl\u00e9, la gestion de l&rsquo;ensemble de la fili\u00e8re p\u00e2tes repr\u00e9sente une opportunit\u00e9 unique et prestigieuse de mettre notre savoir-faire \u00e0 l&rsquo;\u00e9preuve avec un produit d&rsquo;une qualit\u00e9 exceptionnelle. Nous avons toujours s\u00e9lectionn\u00e9 les meilleures vari\u00e9t\u00e9s de bl\u00e9 dur (Triticum durum) pour approvisionner les grands acteurs nationaux, et aujourd&rsquo;hui, nous avons le privil\u00e8ge de garantir cette qualit\u00e9 constante et certifi\u00e9e aux produits La Molisana. Les r\u00e9sultats obtenus t\u00e9moignent du s\u00e9rieux de notre travail et nous confortent dans notre choix.<\/em><\/p><p><strong>Francesco Ferro<\/strong><\/p>\t\t\t\t\t\t\t\t<\/div>\n\t\t\t\t<\/div>\n\t\t\t\t<\/div>\n\t\t\t\t\t<\/div>\n\t\t\t\t<\/div>\n\t\t<div class=\"elementor-element elementor-element-60f9600 e-flex e-con-boxed e-con e-parent\" data-id=\"60f9600\" data-element_type=\"container\" data-e-type=\"container\">\n\t\t\t\t\t<div class=\"e-con-inner\">\n\t\t<div class=\"elementor-element elementor-element-f9eaa09 e-con-full e-flex e-con e-child\" data-id=\"f9eaa09\" data-element_type=\"container\" data-e-type=\"container\">\n\t\t\t\t<div class=\"elementor-element elementor-element-91c745f elementor-widget elementor-widget-heading\" data-id=\"91c745f\" data-element_type=\"widget\" data-e-type=\"widget\" data-widget_type=\"heading.default\">\n\t\t\t\t<div class=\"elementor-widget-container\">\n\t\t\t\t\t<h3 class=\"elementor-heading-title elementor-size-default\">Giuseppe Ferro<\/h3>\t\t\t\t<\/div>\n\t\t\t\t<\/div>\n\t\t\t\t<div class=\"elementor-element elementor-element-fc27c0c elementor-widget elementor-widget-text-editor\" data-id=\"fc27c0c\" data-element_type=\"widget\" data-e-type=\"widget\" data-widget_type=\"text-editor.default\">\n\t\t\t\t<div class=\"elementor-widget-container\">\n\t\t\t\t\t\t\t\t\t<p><strong>PDG<\/strong> de la fabrique de p\u00e2tes, un homme tourn\u00e9 vers l&rsquo;avenir, passionn\u00e9 de finance et ayant consacr\u00e9 sa vie au travail du bl\u00e9 dur. Il a sillonn\u00e9 l&rsquo;Italie pour conclure des accords et redonner \u00e0 la marque sa place l\u00e9gitime. Pour quelqu&rsquo;un comme lui, la satisfaction est \u00e9ph\u00e9m\u00e8re et laisse place \u00e0 un nouveau d\u00e9fi. Il nous parle de son entreprise.<\/p>\t\t\t\t\t\t\t\t<\/div>\n\t\t\t\t<\/div>\n\t\t\t\t<div class=\"elementor-element elementor-element-eb2218f elementor-widget elementor-widget-text-editor\" data-id=\"eb2218f\" data-element_type=\"widget\" data-e-type=\"widget\" data-widget_type=\"text-editor.default\">\n\t\t\t\t<div class=\"elementor-widget-container\">\n\t\t\t\t\t\t\t\t\t<p><em>Quinze ans se sont \u00e9coul\u00e9s depuis que notre famille a d\u00e9cid\u00e9 de diversifier ses activit\u00e9s au-del\u00e0 de la minoterie et d&rsquo;acqu\u00e9rir La Molisana. Durant ces ann\u00e9es, un petit miracle s&rsquo;est produit, dans une r\u00e9gion d&rsquo;Italie o\u00f9 la croissance des entreprises est loin d&rsquo;\u00eatre chose ais\u00e9e.<\/em><\/p><p><strong>Giuseppe Ferro<\/strong><\/p>\t\t\t\t\t\t\t\t<\/div>\n\t\t\t\t<\/div>\n\t\t\t\t<\/div>\n\t\t<div class=\"elementor-element elementor-element-1fc5865 e-con-full e-flex e-con e-child\" data-id=\"1fc5865\" data-element_type=\"container\" data-e-type=\"container\">\n\t\t<div class=\"elementor-element elementor-element-5efb663 e-con-full e-flex e-con e-child\" data-id=\"5efb663\" data-element_type=\"container\" data-e-type=\"container\" data-settings=\"{&quot;background_background&quot;:&quot;classic&quot;}\">\n\t\t\t\t<\/div>\n\t\t\t\t<\/div>\n\t\t\t\t\t<\/div>\n\t\t\t\t<\/div>\n\t\t\t\t<\/div>\n\t\t","protected":false},"excerpt":{"rendered":"<p>Accueil Qui sommes-nous ? Quatre cousins, quatre personnalit\u00e9s Un seul objectif. Quatre entrepreneurs, quatre personnalit\u00e9s, une seule \u00e2me au service du r\u00e9sultat. Depuis son rachat par le Groupe Ferro, La Molisana a connu une croissance constante qui l&rsquo;a hiss\u00e9e au rang de deuxi\u00e8me plus grande usine de p\u00e2tes d&rsquo;Italie. Une \u00e9tape marquante qui illustre comment [&hellip;]<\/p>\n","protected":false},"author":1,"featured_media":0,"parent":105300,"menu_order":0,"comment_status":"closed","ping_status":"closed","template":"elementor_header_footer","meta":{"_acf_changed":false,"yasr_overall_rating":0,"yasr_post_is_review":"","yasr_auto_insert_disabled":"","yasr_review_type":"","footnotes":""},"class_list":["post-105479","page","type-page","status-publish","hentry"],"acf":[],"yasr_visitor_votes":{"stars_attributes":{"read_only":false,"span_bottom":false},"number_of_votes":0,"sum_votes":0},"_links":{"self":[{"href":"https:\/\/www.lamolisana.it\/fr\/wp-json\/wp\/v2\/pages\/105479","targetHints":{"allow":["GET"]}}],"collection":[{"href":"https:\/\/www.lamolisana.it\/fr\/wp-json\/wp\/v2\/pages"}],"about":[{"href":"https:\/\/www.lamolisana.it\/fr\/wp-json\/wp\/v2\/types\/page"}],"author":[{"embeddable":true,"href":"https:\/\/www.lamolisana.it\/fr\/wp-json\/wp\/v2\/users\/1"}],"replies":[{"embeddable":true,"href":"https:\/\/www.lamolisana.it\/fr\/wp-json\/wp\/v2\/comments?post=105479"}],"version-history":[{"count":3,"href":"https:\/\/www.lamolisana.it\/fr\/wp-json\/wp\/v2\/pages\/105479\/revisions"}],"predecessor-version":[{"id":106681,"href":"https:\/\/www.lamolisana.it\/fr\/wp-json\/wp\/v2\/pages\/105479\/revisions\/106681"}],"up":[{"embeddable":true,"href":"https:\/\/www.lamolisana.it\/fr\/wp-json\/wp\/v2\/pages\/105300"}],"wp:attachment":[{"href":"https:\/\/www.lamolisana.it\/fr\/wp-json\/wp\/v2\/media?parent=105479"}],"curies":[{"name":"wp","href":"https:\/\/api.w.org\/{rel}","templated":true}]}}